{"id":24041,"date":"2023-11-05T22:18:08","date_gmt":"2023-11-05T21:18:08","guid":{"rendered":"https:\/\/ieec-wp.ixole.es\/newspace\/newspace-lab\/"},"modified":"2024-09-25T17:20:15","modified_gmt":"2024-09-25T15:20:15","slug":"newspace-lab","status":"publish","type":"page","link":"https:\/\/ieec-wp.ixole.es\/es\/newspace\/newspace-lab\/","title":{"rendered":"NewSpace Lab"},"content":{"rendered":"<p>[et_pb_section fb_built=\u00bb1&#8243; admin_label=\u00bbSection\u00bb _builder_version=\u00bb4.14.8&#8243; _module_preset=\u00bbdefault\u00bb background_image=\u00bbhttps:\/\/www.ieec.cat\/wp-content\/uploads\/2022\/12\/newspace-1.webp\u00bb background_position=\u00bbtop_center\u00bb min_height=\u00bb338px\u00bb custom_padding=\u00bb||0px||false|false\u00bb da_disable_devices=\u00bboff|off|off\u00bb global_colors_info=\u00bb{}\u00bb da_is_popup=\u00bboff\u00bb da_exit_intent=\u00bboff\u00bb da_has_close=\u00bbon\u00bb da_alt_close=\u00bboff\u00bb da_dark_close=\u00bboff\u00bb da_not_modal=\u00bbon\u00bb da_is_singular=\u00bboff\u00bb da_with_loader=\u00bboff\u00bb da_has_shadow=\u00bbon\u00bb][et_pb_row custom_padding_last_edited=\u00bbon|phone\u00bb _builder_version=\u00bb4.14.8&#8243; _module_preset=\u00bbdefault\u00bb background_color=\u00bbRGBA(255,255,255,0)\u00bb module_alignment=\u00bbcenter\u00bb custom_margin=\u00bb20px||0px||false|false\u00bb custom_padding=\u00bb10px||4px|0px|false|false\u00bb custom_padding_tablet=\u00bb||0px||false|false\u00bb custom_padding_phone=\u00bb||0px||false|false\u00bb global_colors_info=\u00bb{}\u00bb][et_pb_column type=\u00bb4_4&#8243; _builder_version=\u00bb4.14.8&#8243; _module_preset=\u00bbdefault\u00bb global_colors_info=\u00bb{}\u00bb][et_pb_text _builder_version=\u00bb4.14.8&#8243; _module_preset=\u00bbdefault\u00bb text_text_color=\u00bb#FFFFFF\u00bb text_font_size=\u00bb16px\u00bb link_font=\u00bb|600|||on||||\u00bb link_text_color=\u00bb#FFFFFF\u00bb header_font=\u00bb|600|||||||\u00bb header_text_color=\u00bb#FFFFFF\u00bb header_font_size=\u00bb25px\u00bb header_2_font=\u00bbCairo|800|||||||\u00bb header_2_text_color=\u00bb#FFFFFF\u00bb header_2_font_size=\u00bb44px\u00bb custom_margin=\u00bb|0px|0px||false|false\u00bb custom_padding=\u00bb|0px|||false|false\u00bb header_2_font_size_tablet=\u00bb36px\u00bb header_2_font_size_phone=\u00bb30px\u00bb header_2_font_size_last_edited=\u00bbon|phone\u00bb global_colors_info=\u00bb{}\u00bb]<\/p>\n<p><a href=\"https:\/\/ieec.cat\/newspace\/\">NewSpace<\/a> | <strong>NewSpace Lab<br \/><\/strong><\/p>\n<p>[\/et_pb_text][\/et_pb_column][\/et_pb_row][et_pb_row custom_padding_last_edited=\u00bbon|phone\u00bb _builder_version=\u00bb4.14.8&#8243; _module_preset=\u00bbdefault\u00bb background_color=\u00bbrgba(255,255,255,0.38)\u00bb module_alignment=\u00bbcenter\u00bb custom_margin=\u00bb20px||0px||false|false\u00bb custom_padding=\u00bb10px||4px|40px|false|false\u00bb custom_padding_tablet=\u00bb||0px||false|false\u00bb custom_padding_phone=\u00bb||0px||false|false\u00bb global_colors_info=\u00bb{}\u00bb][et_pb_column type=\u00bb4_4&#8243; _builder_version=\u00bb4.14.8&#8243; _module_preset=\u00bbdefault\u00bb global_colors_info=\u00bb{}\u00bb][et_pb_text _builder_version=\u00bb4.14.8&#8243; _module_preset=\u00bbdefault\u00bb header_font=\u00bbCairo|600|||||||\u00bb header_text_color=\u00bb#FFFFFF\u00bb header_font_size=\u00bb25px\u00bb header_2_font=\u00bbCairo|800|||||||\u00bb header_2_text_color=\u00bb#FFFFFF\u00bb header_2_font_size=\u00bb44px\u00bb custom_margin=\u00bb|0px|0px||false|false\u00bb custom_padding=\u00bb|0px|||false|false\u00bb header_2_font_size_tablet=\u00bb36px\u00bb header_2_font_size_phone=\u00bb30px\u00bb header_2_font_size_last_edited=\u00bbon|phone\u00bb global_colors_info=\u00bb{}\u00bb]<\/p>\n<h1><strong>NewSpace Lab<br \/><\/strong><\/h1>\n<p>[\/et_pb_text][\/et_pb_column][\/et_pb_row][et_pb_row _builder_version=\u00bb4.14.8&#8243; _module_preset=\u00bbdefault\u00bb background_color=\u00bbRGBA(255,255,255,0)\u00bb global_colors_info=\u00bb{}\u00bb][et_pb_column type=\u00bb4_4&#8243; _builder_version=\u00bb4.14.8&#8243; _module_preset=\u00bbdefault\u00bb global_colors_info=\u00bb{}\u00bb][et_pb_text _builder_version=\u00bb4.14.8&#8243; _module_preset=\u00bbdefault\u00bb text_font=\u00bb|600|||||||\u00bb text_text_color=\u00bb#FFFFFF\u00bb text_font_size=\u00bb23px\u00bb text_line_height=\u00bb1.1em\u00bb custom_padding=\u00bb|||40px|false|false\u00bb custom_padding_tablet=\u00bb|||0px|false|false\u00bb custom_padding_phone=\u00bb|||0px|false|false\u00bb custom_padding_last_edited=\u00bbon|tablet\u00bb text_font_size_tablet=\u00bb21px\u00bb text_font_size_phone=\u00bb20px\u00bb text_font_size_last_edited=\u00bbon|phone\u00bb global_colors_info=\u00bb{}\u00bb]<\/p>\n<p><em>El NewSpace Lab pone a disposici\u00f3n del p\u00fablico una serie de equipamientos del sector NewSpace de Catalunya para facilitar su visibilidad dentro del ecosistema local.<\/em><\/p>\n<p>[\/et_pb_text][\/et_pb_column][\/et_pb_row][\/et_pb_section][et_pb_section fb_built=\u00bb1&#8243; admin_label=\u00bbSection\u00bb _builder_version=\u00bb4.14.8&#8243; _module_preset=\u00bbdefault\u00bb custom_padding=\u00bb37px||10px||false|false\u00bb da_disable_devices=\u00bboff|off|off\u00bb global_colors_info=\u00bb{}\u00bb da_is_popup=\u00bboff\u00bb da_exit_intent=\u00bboff\u00bb da_has_close=\u00bbon\u00bb da_alt_close=\u00bboff\u00bb da_dark_close=\u00bboff\u00bb da_not_modal=\u00bbon\u00bb da_is_singular=\u00bboff\u00bb da_with_loader=\u00bboff\u00bb da_has_shadow=\u00bbon\u00bb][et_pb_row _builder_version=\u00bb4.14.8&#8243; _module_preset=\u00bbdefault\u00bb custom_margin=\u00bb0px||0px||false|false\u00bb custom_padding=\u00bb0px||0px||false|false\u00bb global_colors_info=\u00bb{}\u00bb][et_pb_column type=\u00bb4_4&#8243; _builder_version=\u00bb4.14.8&#8243; _module_preset=\u00bbdefault\u00bb global_colors_info=\u00bb{}\u00bb][et_pb_text _builder_version=\u00bb4.14.8&#8243; _module_preset=\u00bbdefault\u00bb custom_margin=\u00bb0px||||false|false\u00bb custom_padding=\u00bb0px||15px||false|false\u00bb global_colors_info=\u00bb{}\u00bb]<\/p>\n<p>El <strong>NewSpace Lab<\/strong> es una iniciativa promovida por la Generalitat de Catalunya, con el apoyo del <strong>Institut d&#8217;Estudis Espacials de Catalunya (IEEC),<\/strong> en el marco de la <strong>Estrategia NewSpace<\/strong> aprobada por el Gobierno catal\u00e1n en 2020.<\/p>\n<p>El acceso a equipamiento para la realizaci\u00f3n de pruebas y el desarrollo de componentes es una necesidad esencial dentro del sector espacial, y espec\u00edficamente en el \u00e1mbito del NewSpace. Esta iniciativa busca mapear las instalaciones vinculadas al sector NewSpace en Catalunya, con el objetivo de facilitar su uso, promocionarlas a nivel local e internacional, y dar soporte para su mejora, ya sea maximizando el uso de los equipos ya existentes, o desarrollando otras infraestructuras donde se detecten necesidades.<\/p>\n<p>[\/et_pb_text][\/et_pb_column][\/et_pb_row][et_pb_row column_structure=\u00bb1_2,1_2&#8243; _builder_version=\u00bb4.14.8&#8243; _module_preset=\u00bbdefault\u00bb custom_padding=\u00bb15px|||||\u00bb global_colors_info=\u00bb{}\u00bb][et_pb_column type=\u00bb1_2&#8243; _builder_version=\u00bb4.14.8&#8243; _module_preset=\u00bbdefault\u00bb global_colors_info=\u00bb{}\u00bb][et_pb_text _builder_version=\u00bb4.14.8&#8243; _module_preset=\u00bbdefault\u00bb text_text_color=\u00bb#1a1140&#8243; custom_margin=\u00bb0px|50px|||false|false\u00bb custom_margin_tablet=\u00bb0px||||false|false\u00bb custom_margin_phone=\u00bb0px||||false|false\u00bb custom_margin_last_edited=\u00bbon|desktop\u00bb global_colors_info=\u00bb{}\u00bb]Se ha creado un portal, accesible al p\u00fablico, para que sea un punto de referencia de los equipamientos del sector NewSpace en Catalunya y as\u00ed facilitar su visibilidad. Se ha realizado un inventario de las infraestructuras y capacidades existentes, en colaboraci\u00f3n con las empresas y entidades propietarias de las mismas. A continuaci\u00f3n, encontrar\u00e9is el listado de las infraestructuras cuya presencia en el portal ha sido confirmada:[\/et_pb_text][\/et_pb_column][et_pb_column type=\u00bb1_2&#8243; _builder_version=\u00bb4.14.8&#8243; _module_preset=\u00bbdefault\u00bb background_color=\u00bb#406FDA\u00bb global_colors_info=\u00bb{}\u00bb][et_pb_text module_class=\u00bblink-white\u00bb _builder_version=\u00bb4.14.8&#8243; _module_preset=\u00bbdefault\u00bb text_font=\u00bbOswald||||||||\u00bb text_text_color=\u00bb#FFFFFF\u00bb link_font=\u00bb|700|||||||\u00bb link_text_color=\u00bb#FFFFFF\u00bb background_color=\u00bb#406FDA\u00bb custom_padding=\u00bb30px|30px|30px|30px|false|false\u00bb hover_enabled=\u00bb0&#8243; global_colors_info=\u00bb{}\u00bb sticky_enabled=\u00bb0&#8243;]<\/p>\n<p>Si ten\u00e9is inter\u00e9s en alguna de estas infraestructuras o quer\u00e9is formar parte del NewSpace Lab, hac\u00e9dnoslo saber enviando un correo electr\u00f3nico a <a href=\"mailto:info-apec@ieec.cat\" target=\"_blank\" rel=\"noopener\">info-apec@ieec.cat<\/a>.<\/p>\n<p>[\/et_pb_text][\/et_pb_column][\/et_pb_row][et_pb_row _builder_version=\u00bb4.14.8&#8243; _module_preset=\u00bbdefault\u00bb custom_padding=\u00bb0px||0px|||\u00bb global_colors_info=\u00bb{}\u00bb][et_pb_column type=\u00bb4_4&#8243; _builder_version=\u00bb4.14.8&#8243; _module_preset=\u00bbdefault\u00bb global_colors_info=\u00bb{}\u00bb][et_pb_button button_url=\u00bbhttps:\/\/www.ieec.cat\/newspace\/newspace-lab\/#mapa-newspace-lab\u00bb button_text=\u00bbCONSULTA MAPA\u00bb button_alignment=\u00bbleft\u00bb disabled_on=\u00bboff|off|off\u00bb _builder_version=\u00bb4.14.8&#8243; _module_preset=\u00bbdefault\u00bb custom_margin=\u00bb20px||20px||false|false\u00bb custom_margin_tablet=\u00bb10px||5px||false|false\u00bb custom_margin_phone=\u00bb10px||5px||false|false\u00bb custom_margin_last_edited=\u00bbon|phone\u00bb custom_padding=\u00bb12px|40px|12px|30px|true|false\u00bb custom_padding_tablet=\u00bb12px|40px|12px|30px|true|false\u00bb custom_padding_phone=\u00bb10px|40px|10px|30px|true|false\u00bb custom_padding_last_edited=\u00bbon|phone\u00bb locked=\u00bboff\u00bb global_colors_info=\u00bb{}\u00bb][\/et_pb_button][\/et_pb_column][\/et_pb_row][\/et_pb_section][et_pb_section fb_built=\u00bb1&#8243; admin_label=\u00bbSection\u00bb module_id=\u00bbinfraestructuras\u00bb module_class=\u00bbbuttons-aligned-bottom\u00bb _builder_version=\u00bb4.14.8&#8243; _module_preset=\u00bbdefault\u00bb custom_margin=\u00bb0px||0px|0px|false|false\u00bb custom_padding=\u00bb0px|0px|0px|0px|false|false\u00bb da_popup_slug=\u00bbinfraestructures\u00bb da_disable_devices=\u00bboff|off|off\u00bb global_colors_info=\u00bb{}\u00bb da_is_popup=\u00bboff\u00bb da_exit_intent=\u00bboff\u00bb da_has_close=\u00bbon\u00bb da_alt_close=\u00bboff\u00bb da_dark_close=\u00bboff\u00bb da_not_modal=\u00bbon\u00bb da_is_singular=\u00bboff\u00bb da_with_loader=\u00bboff\u00bb da_has_shadow=\u00bbon\u00bb][et_pb_row _builder_version=\u00bb4.14.8&#8243; _module_preset=\u00bbdefault\u00bb custom_margin=\u00bb20px||0px||false|false\u00bb custom_padding=\u00bb||0px||false|false\u00bb locked=\u00bboff\u00bb global_colors_info=\u00bb{}\u00bb][et_pb_column type=\u00bb4_4&#8243; _builder_version=\u00bb4.14.8&#8243; _module_preset=\u00bbdefault\u00bb global_colors_info=\u00bb{}\u00bb][et_pb_text _builder_version=\u00bb4.14.8&#8243; _module_preset=\u00bbdefault\u00bb text_font=\u00bbOswald|||on|||||\u00bb text_text_color=\u00bb#1e2793&#8243; text_font_size=\u00bb14px\u00bb text_letter_spacing=\u00bb4px\u00bb header_font=\u00bbOswald||||||||\u00bb header_text_color=\u00bb#1a1140&#8243; header_font_size=\u00bb15px\u00bb header_letter_spacing=\u00bb4px\u00bb header_2_font=\u00bbOswald|||on|||||\u00bb header_2_text_color=\u00bb#1e2793&#8243; header_2_font_size=\u00bb15px\u00bb header_2_letter_spacing=\u00bb4px\u00bb header_3_font=\u00bbOswald|||on|||||\u00bb header_3_text_color=\u00bb#1E2793&#8243; header_3_font_size=\u00bb15px\u00bb header_3_letter_spacing=\u00bb4px\u00bb background_color=\u00bb#FFFFFF\u00bb z_index=\u00bb4&#8243; width=\u00bb480px\u00bb width_tablet=\u00bb470px\u00bb width_phone=\u00bb200px\u00bb width_last_edited=\u00bbon|phone\u00bb custom_margin=\u00bb0px||||false|false\u00bb custom_padding=\u00bb|0px||0px|false|false\u00bb text_font_tablet=\u00bbOswald|||on|||||\u00bb text_font_phone=\u00bbOswald|||on|||||\u00bb text_font_last_edited=\u00bbon|phone\u00bb header_font_size_tablet=\u00bb\u00bb header_font_size_phone=\u00bb\u00bb header_font_size_last_edited=\u00bbon|phone\u00bb global_colors_info=\u00bb{}\u00bb]<\/p>\n<h3>infraestructuras, equipamientos y servicios<\/h3>\n<p>[\/et_pb_text][et_pb_divider color=\u00bb#1E2793&#8243; _builder_version=\u00bb4.14.8&#8243; _module_preset=\u00bbdefault\u00bb z_index=\u00bb2&#8243; custom_margin=\u00bb-47px||||false|false\u00bb global_colors_info=\u00bb{}\u00bb][\/et_pb_divider][\/et_pb_column][\/et_pb_row][et_pb_row _builder_version=\u00bb4.14.8&#8243; _module_preset=\u00bbdefault\u00bb global_colors_info=\u00bb{}\u00bb][et_pb_column type=\u00bb4_4&#8243; _builder_version=\u00bb4.14.8&#8243; _module_preset=\u00bbdefault\u00bb global_colors_info=\u00bb{}\u00bb][et_pb_filterable_portfolio fullwidth=\u00bboff\u00bb show_categories=\u00bboff\u00bb show_pagination=\u00bboff\u00bb _builder_version=\u00bb4.14.8&#8243; _module_preset=\u00bbdefault\u00bb title_level=\u00bbh3&#8243; title_font=\u00bb|700|||||||\u00bb title_text_color=\u00bb#1E2793&#8243; title_font_size=\u00bb26px\u00bb filter_font=\u00bb|700|||||||\u00bb border_width_all=\u00bb1px\u00bb border_color_all=\u00bb#1E2793&#8243; border_width_all_image=\u00bb0px\u00bb border_color_all_image=\u00bb#1E2793&#8243; global_colors_info=\u00bb{}\u00bb][\/et_pb_filterable_portfolio][\/et_pb_column][\/et_pb_row][\/et_pb_section][et_pb_section fb_built=\u00bb1&#8243; admin_label=\u00bbSection\u00bb module_class=\u00bbbuttons-aligned-bottom\u00bb _builder_version=\u00bb4.14.8&#8243; _module_preset=\u00bbdefault\u00bb custom_margin=\u00bb0px||0px|0px|false|false\u00bb custom_padding=\u00bb0px|0px|0px|0px|false|false\u00bb da_disable_devices=\u00bboff|off|off\u00bb global_colors_info=\u00bb{}\u00bb da_is_popup=\u00bboff\u00bb da_exit_intent=\u00bboff\u00bb da_has_close=\u00bbon\u00bb da_alt_close=\u00bboff\u00bb da_dark_close=\u00bboff\u00bb da_not_modal=\u00bbon\u00bb da_is_singular=\u00bboff\u00bb da_with_loader=\u00bboff\u00bb da_has_shadow=\u00bbon\u00bb][et_pb_row module_id=\u00bbmapa-newspace-lab\u00bb _builder_version=\u00bb4.14.8&#8243; _module_preset=\u00bbdefault\u00bb custom_margin=\u00bb20px||0px||false|false\u00bb custom_padding=\u00bb||0px||false|false\u00bb locked=\u00bboff\u00bb global_colors_info=\u00bb{}\u00bb][et_pb_column type=\u00bb4_4&#8243; _builder_version=\u00bb4.14.8&#8243; _module_preset=\u00bbdefault\u00bb global_colors_info=\u00bb{}\u00bb][et_pb_text _builder_version=\u00bb4.14.8&#8243; _module_preset=\u00bbdefault\u00bb text_font=\u00bbOswald|||on|||||\u00bb text_text_color=\u00bb#1e2793&#8243; text_font_size=\u00bb14px\u00bb text_letter_spacing=\u00bb4px\u00bb header_font=\u00bbOswald||||||||\u00bb header_text_color=\u00bb#1a1140&#8243; header_font_size=\u00bb15px\u00bb header_letter_spacing=\u00bb4px\u00bb header_2_font=\u00bbOswald|||on|||||\u00bb header_2_text_color=\u00bb#1e2793&#8243; header_2_font_size=\u00bb15px\u00bb header_2_letter_spacing=\u00bb4px\u00bb header_3_font=\u00bbOswald|||on|||||\u00bb header_3_text_color=\u00bb#1E2793&#8243; header_3_font_size=\u00bb15px\u00bb header_3_letter_spacing=\u00bb4px\u00bb background_color=\u00bb#FFFFFF\u00bb z_index=\u00bb4&#8243; width=\u00bb143px\u00bb width_tablet=\u00bb150px\u00bb width_phone=\u00bb145px\u00bb width_last_edited=\u00bbon|phone\u00bb custom_margin=\u00bb0px||||false|false\u00bb custom_padding=\u00bb|0px||0px|false|false\u00bb text_font_tablet=\u00bbOswald|||on|||||\u00bb text_font_phone=\u00bbOswald|||on|||||\u00bb text_font_last_edited=\u00bbon|phone\u00bb header_font_size_tablet=\u00bb\u00bb header_font_size_phone=\u00bb\u00bb header_font_size_last_edited=\u00bbon|phone\u00bb global_colors_info=\u00bb{}\u00bb]<\/p>\n<h3>LOCALIZACI\u00d3N<\/h3>\n<p>[\/et_pb_text][et_pb_divider color=\u00bb#1E2793&#8243; _builder_version=\u00bb4.14.8&#8243; _module_preset=\u00bbdefault\u00bb z_index=\u00bb2&#8243; custom_margin=\u00bb-47px||||false|false\u00bb global_colors_info=\u00bb{}\u00bb][\/et_pb_divider][\/et_pb_column][\/et_pb_row][et_pb_row _builder_version=\u00bb4.14.8&#8243; _module_preset=\u00bbdefault\u00bb custom_padding=\u00bb||109px|||\u00bb global_colors_info=\u00bb{}\u00bb][et_pb_column type=\u00bb4_4&#8243; _builder_version=\u00bb4.14.8&#8243; _module_preset=\u00bbdefault\u00bb global_colors_info=\u00bb{}\u00bb][et_pb_code _builder_version=\u00bb4.14.8&#8243; _module_preset=\u00bbdefault\u00bb locked=\u00bboff\u00bb global_colors_info=\u00bb{}\u00bb]<iframe loading=\"lazy\" src=\"https:\/\/www.google.com\/maps\/d\/embed?mid=1ghyumpWKQJ4bZwh-8GDBqZs_3EX7ROI&#038;ehbc=2E312F&#038;noprof=1\" width=\"1200\" height=\"600\"><\/iframe><!-- [et_pb_line_break_holder] -->[\/et_pb_code][\/et_pb_column][\/et_pb_row][\/et_pb_section]<\/p>\n","protected":false},"excerpt":{"rendered":"<p>NewSpace | NewSpace LabNewSpace LabEl NewSpace Lab pone a disposici\u00f3n del p\u00fablico una serie de equipamientos del sector NewSpace de Catalunya para facilitar su visibilidad dentro del ecosistema local.El NewSpace Lab es una iniciativa promovida por la Generalitat de Catalunya, con el apoyo del Institut d&#8217;Estudis Espacials de Catalunya (IEEC), en el marco de la [&hellip;]<\/p>\n","protected":false},"author":8,"featured_media":26069,"parent":11360,"menu_order":1,"comment_status":"closed","ping_status":"closed","template":"","meta":{"_et_pb_use_builder":"on","_et_pb_old_content":"","_et_gb_content_width":"","footnotes":""},"class_list":["post-24041","page","type-page","status-publish","has-post-thumbnail","hentry"],"yoast_head":"<!-- This site is optimized with the Yoast SEO plugin v24.2 - https:\/\/yoast.com\/wordpress\/plugins\/seo\/ -->\n<title>NewSpace Lab - IEEC<\/title>\n<meta name=\"robots\" content=\"index, follow, max-snippet:-1, max-image-preview:large, max-video-preview:-1\" \/>\n<link rel=\"canonical\" href=\"https:\/\/ieec-wp.ixole.es\/es\/newspace\/newspace-lab\/\" \/>\n<meta property=\"og:locale\" content=\"es_ES\" \/>\n<meta property=\"og:type\" content=\"article\" \/>\n<meta property=\"og:title\" content=\"NewSpace Lab - IEEC\" \/>\n<meta property=\"og:description\" content=\"NewSpace | NewSpace LabNewSpace LabEl NewSpace Lab pone a disposici\u00f3n del p\u00fablico una serie de equipamientos del sector NewSpace de Catalunya para facilitar su visibilidad dentro del ecosistema local.El NewSpace Lab es una iniciativa promovida por la Generalitat de Catalunya, con el apoyo del Institut d&#039;Estudis Espacials de Catalunya (IEEC), en el marco de la [&hellip;]\" \/>\n<meta property=\"og:url\" content=\"https:\/\/ieec-wp.ixole.es\/es\/newspace\/newspace-lab\/\" \/>\n<meta property=\"og:site_name\" content=\"IEEC\" \/>\n<meta property=\"article:modified_time\" content=\"2024-09-25T15:20:15+00:00\" \/>\n<meta property=\"og:image\" content=\"https:\/\/ieec-wp.ixole.es\/wp-content\/uploads\/2024\/01\/featured-image-logo-ieec-2024.png\" \/>\n\t<meta property=\"og:image:width\" content=\"600\" \/>\n\t<meta property=\"og:image:height\" content=\"500\" \/>\n\t<meta property=\"og:image:type\" content=\"image\/png\" \/>\n<meta name=\"twitter:card\" content=\"summary_large_image\" \/>\n<meta name=\"twitter:label1\" content=\"Tiempo de lectura\" \/>\n\t<meta name=\"twitter:data1\" content=\"3 minutos\" \/>\n<script type=\"application\/ld+json\" class=\"yoast-schema-graph\">{\"@context\":\"https:\/\/schema.org\",\"@graph\":[{\"@type\":\"WebPage\",\"@id\":\"https:\/\/ieec-wp.ixole.es\/es\/newspace\/newspace-lab\/\",\"url\":\"https:\/\/ieec-wp.ixole.es\/es\/newspace\/newspace-lab\/\",\"name\":\"NewSpace Lab - IEEC\",\"isPartOf\":{\"@id\":\"https:\/\/ieec-wp.ixole.es\/es\/#website\"},\"primaryImageOfPage\":{\"@id\":\"https:\/\/ieec-wp.ixole.es\/es\/newspace\/newspace-lab\/#primaryimage\"},\"image\":{\"@id\":\"https:\/\/ieec-wp.ixole.es\/es\/newspace\/newspace-lab\/#primaryimage\"},\"thumbnailUrl\":\"https:\/\/ieec-wp.ixole.es\/wp-content\/uploads\/2024\/01\/featured-image-logo-ieec-2024.png\",\"datePublished\":\"2023-11-05T21:18:08+00:00\",\"dateModified\":\"2024-09-25T15:20:15+00:00\",\"breadcrumb\":{\"@id\":\"https:\/\/ieec-wp.ixole.es\/es\/newspace\/newspace-lab\/#breadcrumb\"},\"inLanguage\":\"es\",\"potentialAction\":[{\"@type\":\"ReadAction\",\"target\":[\"https:\/\/ieec-wp.ixole.es\/es\/newspace\/newspace-lab\/\"]}]},{\"@type\":\"ImageObject\",\"inLanguage\":\"es\",\"@id\":\"https:\/\/ieec-wp.ixole.es\/es\/newspace\/newspace-lab\/#primaryimage\",\"url\":\"https:\/\/ieec-wp.ixole.es\/wp-content\/uploads\/2024\/01\/featured-image-logo-ieec-2024.png\",\"contentUrl\":\"https:\/\/ieec-wp.ixole.es\/wp-content\/uploads\/2024\/01\/featured-image-logo-ieec-2024.png\",\"width\":600,\"height\":500},{\"@type\":\"BreadcrumbList\",\"@id\":\"https:\/\/ieec-wp.ixole.es\/es\/newspace\/newspace-lab\/#breadcrumb\",\"itemListElement\":[{\"@type\":\"ListItem\",\"position\":1,\"name\":\"Portada\",\"item\":\"https:\/\/ieec-wp.ixole.es\/es\/\"},{\"@type\":\"ListItem\",\"position\":2,\"name\":\"NewSpace\",\"item\":\"https:\/\/ieec-wp.ixole.es\/es\/newspace\/\"},{\"@type\":\"ListItem\",\"position\":3,\"name\":\"NewSpace Lab\"}]},{\"@type\":\"WebSite\",\"@id\":\"https:\/\/ieec-wp.ixole.es\/es\/#website\",\"url\":\"https:\/\/ieec-wp.ixole.es\/es\/\",\"name\":\"IEEC\",\"description\":\"Institut d&#039;Estudis Espacials de Catalunya\",\"potentialAction\":[{\"@type\":\"SearchAction\",\"target\":{\"@type\":\"EntryPoint\",\"urlTemplate\":\"https:\/\/ieec-wp.ixole.es\/es\/?s={search_term_string}\"},\"query-input\":{\"@type\":\"PropertyValueSpecification\",\"valueRequired\":true,\"valueName\":\"search_term_string\"}}],\"inLanguage\":\"es\"}]}<\/script>\n<!-- \/ Yoast SEO plugin. -->","yoast_head_json":{"title":"NewSpace Lab - IEEC","robots":{"index":"index","follow":"follow","max-snippet":"max-snippet:-1","max-image-preview":"max-image-preview:large","max-video-preview":"max-video-preview:-1"},"canonical":"https:\/\/ieec-wp.ixole.es\/es\/newspace\/newspace-lab\/","og_locale":"es_ES","og_type":"article","og_title":"NewSpace Lab - IEEC","og_description":"NewSpace | NewSpace LabNewSpace LabEl NewSpace Lab pone a disposici\u00f3n del p\u00fablico una serie de equipamientos del sector NewSpace de Catalunya para facilitar su visibilidad dentro del ecosistema local.El NewSpace Lab es una iniciativa promovida por la Generalitat de Catalunya, con el apoyo del Institut d'Estudis Espacials de Catalunya (IEEC), en el marco de la [&hellip;]","og_url":"https:\/\/ieec-wp.ixole.es\/es\/newspace\/newspace-lab\/","og_site_name":"IEEC","article_modified_time":"2024-09-25T15:20:15+00:00","og_image":[{"width":600,"height":500,"url":"https:\/\/ieec-wp.ixole.es\/wp-content\/uploads\/2024\/01\/featured-image-logo-ieec-2024.png","type":"image\/png"}],"twitter_card":"summary_large_image","twitter_misc":{"Tiempo de lectura":"3 minutos"},"schema":{"@context":"https:\/\/schema.org","@graph":[{"@type":"WebPage","@id":"https:\/\/ieec-wp.ixole.es\/es\/newspace\/newspace-lab\/","url":"https:\/\/ieec-wp.ixole.es\/es\/newspace\/newspace-lab\/","name":"NewSpace Lab - IEEC","isPartOf":{"@id":"https:\/\/ieec-wp.ixole.es\/es\/#website"},"primaryImageOfPage":{"@id":"https:\/\/ieec-wp.ixole.es\/es\/newspace\/newspace-lab\/#primaryimage"},"image":{"@id":"https:\/\/ieec-wp.ixole.es\/es\/newspace\/newspace-lab\/#primaryimage"},"thumbnailUrl":"https:\/\/ieec-wp.ixole.es\/wp-content\/uploads\/2024\/01\/featured-image-logo-ieec-2024.png","datePublished":"2023-11-05T21:18:08+00:00","dateModified":"2024-09-25T15:20:15+00:00","breadcrumb":{"@id":"https:\/\/ieec-wp.ixole.es\/es\/newspace\/newspace-lab\/#breadcrumb"},"inLanguage":"es","potentialAction":[{"@type":"ReadAction","target":["https:\/\/ieec-wp.ixole.es\/es\/newspace\/newspace-lab\/"]}]},{"@type":"ImageObject","inLanguage":"es","@id":"https:\/\/ieec-wp.ixole.es\/es\/newspace\/newspace-lab\/#primaryimage","url":"https:\/\/ieec-wp.ixole.es\/wp-content\/uploads\/2024\/01\/featured-image-logo-ieec-2024.png","contentUrl":"https:\/\/ieec-wp.ixole.es\/wp-content\/uploads\/2024\/01\/featured-image-logo-ieec-2024.png","width":600,"height":500},{"@type":"BreadcrumbList","@id":"https:\/\/ieec-wp.ixole.es\/es\/newspace\/newspace-lab\/#breadcrumb","itemListElement":[{"@type":"ListItem","position":1,"name":"Portada","item":"https:\/\/ieec-wp.ixole.es\/es\/"},{"@type":"ListItem","position":2,"name":"NewSpace","item":"https:\/\/ieec-wp.ixole.es\/es\/newspace\/"},{"@type":"ListItem","position":3,"name":"NewSpace Lab"}]},{"@type":"WebSite","@id":"https:\/\/ieec-wp.ixole.es\/es\/#website","url":"https:\/\/ieec-wp.ixole.es\/es\/","name":"IEEC","description":"Institut d&#039;Estudis Espacials de Catalunya","potentialAction":[{"@type":"SearchAction","target":{"@type":"EntryPoint","urlTemplate":"https:\/\/ieec-wp.ixole.es\/es\/?s={search_term_string}"},"query-input":{"@type":"PropertyValueSpecification","valueRequired":true,"valueName":"search_term_string"}}],"inLanguage":"es"}]}},"_links":{"self":[{"href":"https:\/\/ieec-wp.ixole.es\/es\/wp-json\/wp\/v2\/pages\/24041","targetHints":{"allow":["GET"]}}],"collection":[{"href":"https:\/\/ieec-wp.ixole.es\/es\/wp-json\/wp\/v2\/pages"}],"about":[{"href":"https:\/\/ieec-wp.ixole.es\/es\/wp-json\/wp\/v2\/types\/page"}],"author":[{"embeddable":true,"href":"https:\/\/ieec-wp.ixole.es\/es\/wp-json\/wp\/v2\/users\/8"}],"replies":[{"embeddable":true,"href":"https:\/\/ieec-wp.ixole.es\/es\/wp-json\/wp\/v2\/comments?post=24041"}],"version-history":[{"count":26,"href":"https:\/\/ieec-wp.ixole.es\/es\/wp-json\/wp\/v2\/pages\/24041\/revisions"}],"predecessor-version":[{"id":30792,"href":"https:\/\/ieec-wp.ixole.es\/es\/wp-json\/wp\/v2\/pages\/24041\/revisions\/30792"}],"up":[{"embeddable":true,"href":"https:\/\/ieec-wp.ixole.es\/es\/wp-json\/wp\/v2\/pages\/11360"}],"wp:featuredmedia":[{"embeddable":true,"href":"https:\/\/ieec-wp.ixole.es\/es\/wp-json\/wp\/v2\/media\/26069"}],"wp:attachment":[{"href":"https:\/\/ieec-wp.ixole.es\/es\/wp-json\/wp\/v2\/media?parent=24041"}],"curies":[{"name":"wp","href":"https:\/\/api.w.org\/{rel}","templated":true}]}}