{"id":2753,"date":"2022-11-22T16:41:09","date_gmt":"2022-11-22T15:41:09","guid":{"rendered":"https:\/\/ieec-wp.ixole.es\/comunicacion\/eventos\/"},"modified":"2024-02-08T11:57:18","modified_gmt":"2024-02-08T10:57:18","slug":"eventos","status":"publish","type":"page","link":"https:\/\/ieec-wp.ixole.es\/es\/comunicacion\/eventos\/","title":{"rendered":"Eventos"},"content":{"rendered":"<p>[et_pb_section fb_built=\u00bb1&#8243; _builder_version=\u00bb4.14.8&#8243; _module_preset=\u00bbdefault\u00bb background_image=\u00bbhttps:\/\/ieec-wp.ixole.es\/wp-content\/uploads\/2022\/02\/slider-comunicacio.jpg\u00bb max_height=\u00bb130px\u00bb custom_padding=\u00bb0px||0px||false|false\u00bb da_disable_devices=\u00bboff|off|off\u00bb global_colors_info=\u00bb{}\u00bb da_is_popup=\u00bboff\u00bb da_exit_intent=\u00bboff\u00bb da_has_close=\u00bbon\u00bb da_alt_close=\u00bboff\u00bb da_dark_close=\u00bboff\u00bb da_not_modal=\u00bbon\u00bb da_is_singular=\u00bboff\u00bb da_with_loader=\u00bboff\u00bb da_has_shadow=\u00bbon\u00bb][\/et_pb_section][et_pb_section fb_built=\u00bb1&#8243; _builder_version=\u00bb4.14.8&#8243; _module_preset=\u00bbdefault\u00bb custom_padding=\u00bb24px||45px|||\u00bb da_disable_devices=\u00bboff|off|off\u00bb global_colors_info=\u00bb{}\u00bb da_is_popup=\u00bboff\u00bb da_exit_intent=\u00bboff\u00bb da_has_close=\u00bbon\u00bb da_alt_close=\u00bboff\u00bb da_dark_close=\u00bboff\u00bb da_not_modal=\u00bbon\u00bb da_is_singular=\u00bboff\u00bb da_with_loader=\u00bboff\u00bb da_has_shadow=\u00bbon\u00bb][et_pb_row module_class=\u00bbinline-buttons-container\u00bb _builder_version=\u00bb4.14.8&#8243; _module_preset=\u00bbdefault\u00bb locked=\u00bboff\u00bb global_colors_info=\u00bb{}\u00bb][et_pb_column type=\u00bb4_4&#8243; _builder_version=\u00bb4.14.8&#8243; _module_preset=\u00bbdefault\u00bb global_colors_info=\u00bb{}\u00bb][et_pb_button button_url=\u00bbhttps:\/\/ieec-wp.ixole.es\/es\/comunicacion\/noticias\/\u00bb button_text=\u00bbNOTICIAS\u00bb button_alignment=\u00bbleft\u00bb _builder_version=\u00bb4.14.8&#8243; _module_preset=\u00bbdefault\u00bb custom_button=\u00bbon\u00bb button_text_color=\u00bb#FFFFFF\u00bb button_bg_color=\u00bbrgba(64,111,218,0.52)\u00bb button_use_icon=\u00bboff\u00bb custom_margin=\u00bb||||false|false\u00bb custom_margin_tablet=\u00bb||||false|false\u00bb custom_margin_phone=\u00bb||||false|false\u00bb custom_margin_last_edited=\u00bboff|desktop\u00bb custom_padding=\u00bb12px|30px|12px|30px|true|true\u00bb global_colors_info=\u00bb{}\u00bb][\/et_pb_button][et_pb_button button_url=\u00bbhttps:\/\/ieec-wp.ixole.es\/es\/comunicacion\/anuncios\/\u00bb button_text=\u00bbANUNCIOS\u00bb button_alignment=\u00bbleft\u00bb _builder_version=\u00bb4.14.8&#8243; _module_preset=\u00bbdefault\u00bb custom_button=\u00bbon\u00bb button_text_color=\u00bb#FFFFFF\u00bb button_bg_color=\u00bbrgba(64,111,218,0.52)\u00bb button_use_icon=\u00bboff\u00bb custom_margin=\u00bb||||false|false\u00bb custom_padding=\u00bb12px|30px|12px|30px|true|true\u00bb global_colors_info=\u00bb{}\u00bb][\/et_pb_button][et_pb_button url_new_window=\u00bbon\u00bb button_text=\u00bbEVENTOS\u00bb button_alignment=\u00bbleft\u00bb _builder_version=\u00bb4.14.8&#8243; _module_preset=\u00bbdefault\u00bb custom_button=\u00bbon\u00bb button_text_color=\u00bb#FFFFFF\u00bb button_bg_color=\u00bb#406fda\u00bb button_use_icon=\u00bboff\u00bb custom_margin=\u00bb||||false|false\u00bb custom_padding=\u00bb12px|30px|12px|30px|true|true\u00bb global_colors_info=\u00bb{}\u00bb][\/et_pb_button][\/et_pb_column][\/et_pb_row][et_pb_row _builder_version=\u00bb4.14.8&#8243; _module_preset=\u00bbdefault\u00bb custom_padding=\u00bb||||false|false\u00bb global_colors_info=\u00bb{}\u00bb][et_pb_column type=\u00bb4_4&#8243; _builder_version=\u00bb4.14.8&#8243; _module_preset=\u00bbdefault\u00bb global_colors_info=\u00bb{}\u00bb][et_pb_text _builder_version=\u00bb4.14.8&#8243; _module_preset=\u00bbdefault\u00bb header_font=\u00bb|700|||||||\u00bb hover_enabled=\u00bb0&#8243; header_font_size_tablet=\u00bb28px\u00bb header_font_size_phone=\u00bb26px\u00bb header_font_size_last_edited=\u00bbon|phone\u00bb global_colors_info=\u00bb{}\u00bb sticky_enabled=\u00bb0&#8243;]<\/p>\n<h1>Eventos<\/h1>\n<p>[\/et_pb_text][et_pb_filterable_blog posts_number=\u00bb9&#8243; include_categories=\u00bb73&#8243; _builder_version=\u00bb4.14.8&#8243; _module_preset=\u00bbdefault\u00bb global_colors_info=\u00bb{}\u00bb][\/et_pb_filterable_blog][\/et_pb_column][\/et_pb_row][\/et_pb_section]<\/p>\n","protected":false},"excerpt":{"rendered":"<p>Toda la informaci\u00f3n sobre eventos astron\u00f3micos y tecnol\u00f3gicos, proyectos educativos y actividades divulgativas.<\/p>\n","protected":false},"author":1,"featured_media":26069,"parent":2736,"menu_order":3,"comment_status":"closed","ping_status":"closed","template":"","meta":{"_et_pb_use_builder":"on","_et_pb_old_content":"","_et_gb_content_width":"","footnotes":""},"class_list":["post-2753","page","type-page","status-publish","has-post-thumbnail","hentry"],"yoast_head":"<!-- This site is optimized with the Yoast SEO plugin v24.2 - https:\/\/yoast.com\/wordpress\/plugins\/seo\/ -->\n<title>Eventos - IEEC<\/title>\n<meta name=\"description\" content=\"Toda la informaci\u00f3n sobre eventos astron\u00f3micos y tecnol\u00f3gicos, proyectos educativos y actividades divulgativas.\" \/>\n<meta name=\"robots\" content=\"index, follow, max-snippet:-1, max-image-preview:large, max-video-preview:-1\" \/>\n<link rel=\"canonical\" href=\"https:\/\/ieec-wp.ixole.es\/es\/comunicacion\/eventos\/\" \/>\n<meta property=\"og:locale\" content=\"es_ES\" \/>\n<meta property=\"og:type\" content=\"article\" \/>\n<meta property=\"og:title\" content=\"Eventos - IEEC\" \/>\n<meta property=\"og:description\" content=\"Toda la informaci\u00f3n sobre eventos astron\u00f3micos y tecnol\u00f3gicos, proyectos educativos y actividades divulgativas.\" \/>\n<meta property=\"og:url\" content=\"https:\/\/ieec-wp.ixole.es\/es\/comunicacion\/eventos\/\" \/>\n<meta property=\"og:site_name\" content=\"IEEC\" \/>\n<meta property=\"article:modified_time\" content=\"2024-02-08T10:57:18+00:00\" \/>\n<meta property=\"og:image\" content=\"https:\/\/ieec-wp.ixole.es\/wp-content\/uploads\/2024\/01\/featured-image-logo-ieec-2024.png\" \/>\n\t<meta property=\"og:image:width\" content=\"600\" \/>\n\t<meta property=\"og:image:height\" content=\"500\" \/>\n\t<meta property=\"og:image:type\" content=\"image\/png\" \/>\n<meta name=\"twitter:card\" content=\"summary_large_image\" \/>\n<meta name=\"twitter:label1\" content=\"Tiempo de lectura\" \/>\n\t<meta name=\"twitter:data1\" content=\"1 minuto\" \/>\n<script type=\"application\/ld+json\" class=\"yoast-schema-graph\">{\"@context\":\"https:\/\/schema.org\",\"@graph\":[{\"@type\":\"WebPage\",\"@id\":\"https:\/\/ieec-wp.ixole.es\/es\/comunicacion\/eventos\/\",\"url\":\"https:\/\/ieec-wp.ixole.es\/es\/comunicacion\/eventos\/\",\"name\":\"Eventos - IEEC\",\"isPartOf\":{\"@id\":\"https:\/\/ieec-wp.ixole.es\/es\/#website\"},\"primaryImageOfPage\":{\"@id\":\"https:\/\/ieec-wp.ixole.es\/es\/comunicacion\/eventos\/#primaryimage\"},\"image\":{\"@id\":\"https:\/\/ieec-wp.ixole.es\/es\/comunicacion\/eventos\/#primaryimage\"},\"thumbnailUrl\":\"https:\/\/ieec-wp.ixole.es\/wp-content\/uploads\/2024\/01\/featured-image-logo-ieec-2024.png\",\"datePublished\":\"2022-11-22T15:41:09+00:00\",\"dateModified\":\"2024-02-08T10:57:18+00:00\",\"description\":\"Toda la informaci\u00f3n sobre eventos astron\u00f3micos y tecnol\u00f3gicos, proyectos educativos y actividades divulgativas.\",\"breadcrumb\":{\"@id\":\"https:\/\/ieec-wp.ixole.es\/es\/comunicacion\/eventos\/#breadcrumb\"},\"inLanguage\":\"es\",\"potentialAction\":[{\"@type\":\"ReadAction\",\"target\":[\"https:\/\/ieec-wp.ixole.es\/es\/comunicacion\/eventos\/\"]}]},{\"@type\":\"ImageObject\",\"inLanguage\":\"es\",\"@id\":\"https:\/\/ieec-wp.ixole.es\/es\/comunicacion\/eventos\/#primaryimage\",\"url\":\"https:\/\/ieec-wp.ixole.es\/wp-content\/uploads\/2024\/01\/featured-image-logo-ieec-2024.png\",\"contentUrl\":\"https:\/\/ieec-wp.ixole.es\/wp-content\/uploads\/2024\/01\/featured-image-logo-ieec-2024.png\",\"width\":600,\"height\":500},{\"@type\":\"BreadcrumbList\",\"@id\":\"https:\/\/ieec-wp.ixole.es\/es\/comunicacion\/eventos\/#breadcrumb\",\"itemListElement\":[{\"@type\":\"ListItem\",\"position\":1,\"name\":\"Portada\",\"item\":\"https:\/\/ieec-wp.ixole.es\/es\/\"},{\"@type\":\"ListItem\",\"position\":2,\"name\":\"Comunicaci\u00f3n\",\"item\":\"https:\/\/ieec-wp.ixole.es\/es\/comunicacion\/\"},{\"@type\":\"ListItem\",\"position\":3,\"name\":\"Eventos\"}]},{\"@type\":\"WebSite\",\"@id\":\"https:\/\/ieec-wp.ixole.es\/es\/#website\",\"url\":\"https:\/\/ieec-wp.ixole.es\/es\/\",\"name\":\"IEEC\",\"description\":\"Institut d&#039;Estudis Espacials de Catalunya\",\"potentialAction\":[{\"@type\":\"SearchAction\",\"target\":{\"@type\":\"EntryPoint\",\"urlTemplate\":\"https:\/\/ieec-wp.ixole.es\/es\/?s={search_term_string}\"},\"query-input\":{\"@type\":\"PropertyValueSpecification\",\"valueRequired\":true,\"valueName\":\"search_term_string\"}}],\"inLanguage\":\"es\"}]}<\/script>\n<!-- \/ Yoast SEO plugin. -->","yoast_head_json":{"title":"Eventos - IEEC","description":"Toda la informaci\u00f3n sobre eventos astron\u00f3micos y tecnol\u00f3gicos, proyectos educativos y actividades divulgativas.","robots":{"index":"index","follow":"follow","max-snippet":"max-snippet:-1","max-image-preview":"max-image-preview:large","max-video-preview":"max-video-preview:-1"},"canonical":"https:\/\/ieec-wp.ixole.es\/es\/comunicacion\/eventos\/","og_locale":"es_ES","og_type":"article","og_title":"Eventos - IEEC","og_description":"Toda la informaci\u00f3n sobre eventos astron\u00f3micos y tecnol\u00f3gicos, proyectos educativos y actividades divulgativas.","og_url":"https:\/\/ieec-wp.ixole.es\/es\/comunicacion\/eventos\/","og_site_name":"IEEC","article_modified_time":"2024-02-08T10:57:18+00:00","og_image":[{"width":600,"height":500,"url":"https:\/\/ieec-wp.ixole.es\/wp-content\/uploads\/2024\/01\/featured-image-logo-ieec-2024.png","type":"image\/png"}],"twitter_card":"summary_large_image","twitter_misc":{"Tiempo de lectura":"1 minuto"},"schema":{"@context":"https:\/\/schema.org","@graph":[{"@type":"WebPage","@id":"https:\/\/ieec-wp.ixole.es\/es\/comunicacion\/eventos\/","url":"https:\/\/ieec-wp.ixole.es\/es\/comunicacion\/eventos\/","name":"Eventos - IEEC","isPartOf":{"@id":"https:\/\/ieec-wp.ixole.es\/es\/#website"},"primaryImageOfPage":{"@id":"https:\/\/ieec-wp.ixole.es\/es\/comunicacion\/eventos\/#primaryimage"},"image":{"@id":"https:\/\/ieec-wp.ixole.es\/es\/comunicacion\/eventos\/#primaryimage"},"thumbnailUrl":"https:\/\/ieec-wp.ixole.es\/wp-content\/uploads\/2024\/01\/featured-image-logo-ieec-2024.png","datePublished":"2022-11-22T15:41:09+00:00","dateModified":"2024-02-08T10:57:18+00:00","description":"Toda la informaci\u00f3n sobre eventos astron\u00f3micos y tecnol\u00f3gicos, proyectos educativos y actividades divulgativas.","breadcrumb":{"@id":"https:\/\/ieec-wp.ixole.es\/es\/comunicacion\/eventos\/#breadcrumb"},"inLanguage":"es","potentialAction":[{"@type":"ReadAction","target":["https:\/\/ieec-wp.ixole.es\/es\/comunicacion\/eventos\/"]}]},{"@type":"ImageObject","inLanguage":"es","@id":"https:\/\/ieec-wp.ixole.es\/es\/comunicacion\/eventos\/#primaryimage","url":"https:\/\/ieec-wp.ixole.es\/wp-content\/uploads\/2024\/01\/featured-image-logo-ieec-2024.png","contentUrl":"https:\/\/ieec-wp.ixole.es\/wp-content\/uploads\/2024\/01\/featured-image-logo-ieec-2024.png","width":600,"height":500},{"@type":"BreadcrumbList","@id":"https:\/\/ieec-wp.ixole.es\/es\/comunicacion\/eventos\/#breadcrumb","itemListElement":[{"@type":"ListItem","position":1,"name":"Portada","item":"https:\/\/ieec-wp.ixole.es\/es\/"},{"@type":"ListItem","position":2,"name":"Comunicaci\u00f3n","item":"https:\/\/ieec-wp.ixole.es\/es\/comunicacion\/"},{"@type":"ListItem","position":3,"name":"Eventos"}]},{"@type":"WebSite","@id":"https:\/\/ieec-wp.ixole.es\/es\/#website","url":"https:\/\/ieec-wp.ixole.es\/es\/","name":"IEEC","description":"Institut d&#039;Estudis Espacials de Catalunya","potentialAction":[{"@type":"SearchAction","target":{"@type":"EntryPoint","urlTemplate":"https:\/\/ieec-wp.ixole.es\/es\/?s={search_term_string}"},"query-input":{"@type":"PropertyValueSpecification","valueRequired":true,"valueName":"search_term_string"}}],"inLanguage":"es"}]}},"_links":{"self":[{"href":"https:\/\/ieec-wp.ixole.es\/es\/wp-json\/wp\/v2\/pages\/2753","targetHints":{"allow":["GET"]}}],"collection":[{"href":"https:\/\/ieec-wp.ixole.es\/es\/wp-json\/wp\/v2\/pages"}],"about":[{"href":"https:\/\/ieec-wp.ixole.es\/es\/wp-json\/wp\/v2\/types\/page"}],"author":[{"embeddable":true,"href":"https:\/\/ieec-wp.ixole.es\/es\/wp-json\/wp\/v2\/users\/1"}],"replies":[{"embeddable":true,"href":"https:\/\/ieec-wp.ixole.es\/es\/wp-json\/wp\/v2\/comments?post=2753"}],"version-history":[{"count":15,"href":"https:\/\/ieec-wp.ixole.es\/es\/wp-json\/wp\/v2\/pages\/2753\/revisions"}],"predecessor-version":[{"id":26567,"href":"https:\/\/ieec-wp.ixole.es\/es\/wp-json\/wp\/v2\/pages\/2753\/revisions\/26567"}],"up":[{"embeddable":true,"href":"https:\/\/ieec-wp.ixole.es\/es\/wp-json\/wp\/v2\/pages\/2736"}],"wp:featuredmedia":[{"embeddable":true,"href":"https:\/\/ieec-wp.ixole.es\/es\/wp-json\/wp\/v2\/media\/26069"}],"wp:attachment":[{"href":"https:\/\/ieec-wp.ixole.es\/es\/wp-json\/wp\/v2\/media?parent=2753"}],"curies":[{"name":"wp","href":"https:\/\/api.w.org\/{rel}","templated":true}]}}