{"id":2801,"date":"2022-11-22T17:16:27","date_gmt":"2022-11-22T16:16:27","guid":{"rendered":"https:\/\/ieec-wp.ixole.es\/investigacion\/"},"modified":"2024-11-13T14:35:06","modified_gmt":"2024-11-13T13:35:06","slug":"investigacion","status":"publish","type":"page","link":"https:\/\/ieec-wp.ixole.es\/es\/investigacion\/","title":{"rendered":"Investigaci\u00f3n"},"content":{"rendered":"<p>[et_pb_section fb_built=\u00bb1&#8243; _builder_version=\u00bb4.16&#8243; _module_preset=\u00bbdefault\u00bb background_image=\u00bbhttps:\/\/ieec-wp.ixole.es\/wp-content\/uploads\/2022\/02\/slider-recerca.jpg\u00bb min_height=\u00bb338px\u00bb custom_padding=\u00bb||0px||false|false\u00bb da_disable_devices=\u00bboff|off|off\u00bb global_colors_info=\u00bb{}\u00bb da_is_popup=\u00bboff\u00bb da_exit_intent=\u00bboff\u00bb da_has_close=\u00bbon\u00bb da_alt_close=\u00bboff\u00bb da_dark_close=\u00bboff\u00bb da_not_modal=\u00bbon\u00bb da_is_singular=\u00bboff\u00bb da_with_loader=\u00bboff\u00bb da_has_shadow=\u00bbon\u00bb][et_pb_row column_structure=\u00bb3_4,1_4&#8243; custom_padding_last_edited=\u00bbon|phone\u00bb _builder_version=\u00bb4.16&#8243; _module_preset=\u00bbdefault\u00bb module_alignment=\u00bbcenter\u00bb custom_padding=\u00bb||10px||false|false\u00bb custom_padding_tablet=\u00bb||0px||false|false\u00bb custom_padding_phone=\u00bb||0px||false|false\u00bb global_colors_info=\u00bb{}\u00bb][et_pb_column type=\u00bb3_4&#8243; _builder_version=\u00bb4.16&#8243; _module_preset=\u00bbdefault\u00bb global_colors_info=\u00bb{}\u00bb][et_pb_text _builder_version=\u00bb4.16&#8243; _module_preset=\u00bbdefault\u00bb header_font=\u00bbSource Sans Pro|600|||||||\u00bb header_text_color=\u00bb#FFFFFF\u00bb header_font_size=\u00bb25px\u00bb header_2_font=\u00bbCairo|800|||||||\u00bb header_2_text_color=\u00bb#FFFFFF\u00bb header_2_font_size=\u00bb44px\u00bb custom_margin=\u00bb|0px|0px||false|false\u00bb custom_padding=\u00bb|0px|||false|false\u00bb header_2_font_size_tablet=\u00bb36px\u00bb header_2_font_size_phone=\u00bb30px\u00bb header_2_font_size_last_edited=\u00bbon|phone\u00bb global_colors_info=\u00bb{}\u00bb]<\/p>\n<h1>INVESTIGACI\u00d3N<\/h1>\n<h2>Investigamos nuestro hogar: ad\u00e9ntrate en los misterios de la Tierra y el Universo<\/h2>\n<p>[\/et_pb_text][et_pb_divider color=\u00bb#ffa43c\u00bb divider_weight=\u00bb5px\u00bb _builder_version=\u00bb4.16&#8243; _module_preset=\u00bbdefault\u00bb width=\u00bb9%\u00bb max_width_tablet=\u00bb120px\u00bb max_width_phone=\u00bb120px\u00bb max_width_last_edited=\u00bbon|phone\u00bb min_height=\u00bb23px\u00bb custom_margin=\u00bb6px||||false|false\u00bb global_colors_info=\u00bb{}\u00bb][\/et_pb_divider][\/et_pb_column][et_pb_column type=\u00bb1_4&#8243; _builder_version=\u00bb4.16&#8243; _module_preset=\u00bbdefault\u00bb global_colors_info=\u00bb{}\u00bb][\/et_pb_column][\/et_pb_row][et_pb_row custom_padding_last_edited=\u00bbon|phone\u00bb _builder_version=\u00bb4.16&#8243; _module_preset=\u00bbdefault\u00bb background_color=\u00bbrgba(255,255,255,0.7)\u00bb width=\u00bb75%\u00bb width_tablet=\u00bb100%\u00bb width_phone=\u00bb100%\u00bb width_last_edited=\u00bbon|phone\u00bb max_width=\u00bb100%\u00bb module_alignment=\u00bbleft\u00bb custom_margin=\u00bb||0px||false|false\u00bb custom_padding=\u00bb2%||27px||false|false\u00bb custom_padding_tablet=\u00bb30px||40px||false|false\u00bb custom_padding_phone=\u00bb30px||40px||false|false\u00bb global_colors_info=\u00bb{}\u00bb][et_pb_column type=\u00bb4_4&#8243; _builder_version=\u00bb4.16&#8243; _module_preset=\u00bbdefault\u00bb global_colors_info=\u00bb{}\u00bb][et_pb_text _builder_version=\u00bb4.16&#8243; _module_preset=\u00bbdefault\u00bb text_font=\u00bb|600|||||||\u00bb text_text_color=\u00bb#1a1140&#8243; text_font_size=\u00bb23px\u00bb text_line_height=\u00bb1.1em\u00bb header_2_font_size=\u00bb25px\u00bb custom_margin=\u00bb|3%||20%|false|false\u00bb custom_margin_tablet=\u00bb|5%||5%|false|true\u00bb custom_margin_phone=\u00bb|10%||10%|false|true\u00bb custom_margin_last_edited=\u00bbon|phone\u00bb custom_padding=\u00bb0px||||false|false\u00bb text_font_size_tablet=\u00bb21px\u00bb text_font_size_phone=\u00bb20px\u00bb text_font_size_last_edited=\u00bbon|phone\u00bb global_colors_info=\u00bb{}\u00bb]<\/p>\n<p><em>El IEEC estudia el cosmos y la Tierra como planeta a trav\u00e9s de un potente programa para la investigaci\u00f3n, el desarrollo y la innovaci\u00f3n tecnol\u00f3gica en el marco de misiones y proyectos cient\u00edficos. El Instituto participa y tiene responsabilidades de alto nivel en m\u00faltiples misiones espaciales e instalaciones de instrumentaci\u00f3n terrestre.<br \/><\/em><\/p>\n<p>[\/et_pb_text][\/et_pb_column][\/et_pb_row][\/et_pb_section][et_pb_section fb_built=\u00bb1&#8243; _builder_version=\u00bb4.16&#8243; _module_preset=\u00bbdefault\u00bb width=\u00bb99.9%\u00bb custom_padding=\u00bb12px|||||\u00bb da_disable_devices=\u00bboff|off|off\u00bb global_colors_info=\u00bb{}\u00bb da_is_popup=\u00bboff\u00bb da_exit_intent=\u00bboff\u00bb da_has_close=\u00bbon\u00bb da_alt_close=\u00bboff\u00bb da_dark_close=\u00bboff\u00bb da_not_modal=\u00bbon\u00bb da_is_singular=\u00bboff\u00bb da_with_loader=\u00bboff\u00bb da_has_shadow=\u00bbon\u00bb][et_pb_row _builder_version=\u00bb4.16&#8243; _module_preset=\u00bbdefault\u00bb custom_margin=\u00bb8px|auto|0px|auto|false|false\u00bb custom_padding=\u00bb||||false|false\u00bb global_colors_info=\u00bb{}\u00bb][et_pb_column type=\u00bb4_4&#8243; _builder_version=\u00bb4.16&#8243; _module_preset=\u00bbdefault\u00bb global_colors_info=\u00bb{}\u00bb][et_pb_text _builder_version=\u00bb4.16&#8243; _module_preset=\u00bbdefault\u00bb text_font=\u00bbOswald|||on|||||\u00bb text_text_color=\u00bb#1e2793&#8243; text_font_size=\u00bb14px\u00bb text_letter_spacing=\u00bb4px\u00bb header_font=\u00bbOswald||||||||\u00bb header_text_color=\u00bb#1a1140&#8243; header_font_size=\u00bb14px\u00bb header_letter_spacing=\u00bb4px\u00bb header_2_font=\u00bbOswald|||on|||||\u00bb header_2_text_color=\u00bb#1e2793&#8243; header_2_font_size=\u00bb15px\u00bb header_2_letter_spacing=\u00bb4px\u00bb background_color=\u00bb#FFFFFF\u00bb z_index=\u00bb4&#8243; width=\u00bb240px\u00bb width_tablet=\u00bb240px\u00bb width_phone=\u00bb241px\u00bb width_last_edited=\u00bbon|phone\u00bb text_font_tablet=\u00bbOswald|||on|||||\u00bb text_font_phone=\u00bbOswald|||on|||||\u00bb text_font_last_edited=\u00bbon|phone\u00bb header_font_size_tablet=\u00bb\u00bb header_font_size_phone=\u00bb\u00bb header_font_size_last_edited=\u00bbon|phone\u00bb global_colors_info=\u00bb{}\u00bb]<\/p>\n<h2>\u00e1mbitos de actuaci\u00f3n<\/h2>\n<p>[\/et_pb_text][et_pb_divider color=\u00bb#1E2793&#8243; _builder_version=\u00bb4.16&#8243; _module_preset=\u00bbdefault\u00bb z_index=\u00bb2&#8243; custom_margin=\u00bb-47px||||false|false\u00bb global_colors_info=\u00bb{}\u00bb][\/et_pb_divider][\/et_pb_column][\/et_pb_row][et_pb_row column_structure=\u00bb1_3,1_3,1_3&#8243; use_custom_gutter=\u00bbon\u00bb gutter_width=\u00bb2&#8243; make_equal=\u00bbon\u00bb _builder_version=\u00bb4.16&#8243; _module_preset=\u00bbdefault\u00bb width_tablet=\u00bb50%\u00bb width_phone=\u00bb80%\u00bb width_last_edited=\u00bbon|phone\u00bb custom_padding=\u00bb5px|||||\u00bb global_colors_info=\u00bb{}\u00bb][et_pb_column type=\u00bb1_3&#8243; _builder_version=\u00bb4.16&#8243; _module_preset=\u00bbdefault\u00bb background_color=\u00bb#406fda\u00bb link_option_url=\u00bbhttps:\/\/ieec-wp.ixole.es\/es\/investigacion\/areas-de-investigacion\/\u00bb global_colors_info=\u00bb{}\u00bb][et_pb_text _builder_version=\u00bb4.16&#8243; _module_preset=\u00bbdefault\u00bb text_font=\u00bbCairo||||||||\u00bb text_text_color=\u00bb#ffffff\u00bb text_font_size=\u00bb35px\u00bb text_line_height=\u00bb0.9em\u00bb background_color=\u00bbRGBA(255,255,255,0)\u00bb custom_margin=\u00bb0px||||false|false\u00bb custom_padding=\u00bb115px||80px|35px|false|false\u00bb global_colors_info=\u00bb{}\u00bb]<\/p>\n<p>\u00c1reas de<br \/><strong>Investigaci\u00f3n<\/strong><\/p>\n<p>[\/et_pb_text][et_pb_text _builder_version=\u00bb4.16&#8243; _module_preset=\u00bbdefault\u00bb text_font=\u00bbOswald|||on|||||\u00bb text_text_color=\u00bb#1e2751&#8243; text_font_size=\u00bb17px\u00bb text_letter_spacing=\u00bb5px\u00bb custom_padding=\u00bb0px||11%|35px|false|false\u00bb global_colors_info=\u00bb{}\u00bb]<\/p>\n<p>M\u00e1s informaci\u00f3n&gt;<\/p>\n<p>[\/et_pb_text][\/et_pb_column][et_pb_column type=\u00bb1_3&#8243; _builder_version=\u00bb4.16&#8243; _module_preset=\u00bbdefault\u00bb background_color=\u00bb#e0e5e1&#8243; link_option_url=\u00bbhttps:\/\/ieec-wp.ixole.es\/es\/investigacion\/misiones-espaciales\/\u00bb global_colors_info=\u00bb{}\u00bb][et_pb_text _builder_version=\u00bb4.16&#8243; _module_preset=\u00bbdefault\u00bb text_font=\u00bbCairo||||||||\u00bb text_text_color=\u00bb#1e2751&#8243; text_font_size=\u00bb35px\u00bb text_line_height=\u00bb0.9em\u00bb background_color=\u00bbRGBA(255,255,255,0)\u00bb custom_margin=\u00bb0px||||false|false\u00bb custom_padding=\u00bb115px||80px|35px|false|false\u00bb locked=\u00bboff\u00bb global_colors_info=\u00bb{}\u00bb]<\/p>\n<p>Misiones<br \/><strong>Espaciales<\/strong><\/p>\n<p>[\/et_pb_text][et_pb_text _builder_version=\u00bb4.16&#8243; _module_preset=\u00bbdefault\u00bb text_font=\u00bbOswald|||on|||||\u00bb text_text_color=\u00bb#406fda\u00bb text_font_size=\u00bb17px\u00bb text_letter_spacing=\u00bb5px\u00bb custom_padding=\u00bb0px||11%|35px|false|false\u00bb locked=\u00bboff\u00bb global_colors_info=\u00bb{}\u00bb]<\/p>\n<p>M\u00e1s informaci\u00f3n&gt;<\/p>\n<p>[\/et_pb_text][\/et_pb_column][et_pb_column type=\u00bb1_3&#8243; _builder_version=\u00bb4.16&#8243; _module_preset=\u00bbdefault\u00bb background_color=\u00bb#406fda\u00bb link_option_url=\u00bbhttps:\/\/ieec-wp.ixole.es\/es\/investigacion\/instrumentacion-terrestre\/\u00bb global_colors_info=\u00bb{}\u00bb][et_pb_text _builder_version=\u00bb4.16&#8243; _module_preset=\u00bbdefault\u00bb text_font=\u00bbCairo||||||||\u00bb text_text_color=\u00bb#ffffff\u00bb text_font_size=\u00bb35px\u00bb text_line_height=\u00bb0.9em\u00bb background_color=\u00bbRGBA(255,255,255,0)\u00bb custom_margin=\u00bb0px||||false|false\u00bb custom_padding=\u00bb115px||80px|35px|false|false\u00bb locked=\u00bboff\u00bb global_colors_info=\u00bb{}\u00bb]<\/p>\n<p>Instrumentaci\u00f3n<br \/><strong>terrestre<\/strong><\/p>\n<p>[\/et_pb_text][et_pb_text _builder_version=\u00bb4.16&#8243; _module_preset=\u00bbdefault\u00bb text_font=\u00bbOswald|||on|||||\u00bb text_text_color=\u00bb#1e2751&#8243; text_font_size=\u00bb17px\u00bb text_letter_spacing=\u00bb5px\u00bb custom_padding=\u00bb||11%|35px|false|false\u00bb locked=\u00bboff\u00bb global_colors_info=\u00bb{}\u00bb]<\/p>\n<p>M\u00e1s informaci\u00f3n&gt;<\/p>\n<p>[\/et_pb_text][\/et_pb_column][\/et_pb_row][et_pb_row column_structure=\u00bb1_3,1_3,1_3&#8243; use_custom_gutter=\u00bbon\u00bb gutter_width=\u00bb2&#8243; make_equal=\u00bbon\u00bb _builder_version=\u00bb4.27.2&#8243; _module_preset=\u00bbdefault\u00bb width_tablet=\u00bb50%\u00bb width_phone=\u00bb80%\u00bb width_last_edited=\u00bbon|phone\u00bb custom_margin=\u00bb||||false|false\u00bb custom_padding=\u00bb0px||||false|false\u00bb global_colors_info=\u00bb{}\u00bb][et_pb_column type=\u00bb1_3&#8243; _builder_version=\u00bb4.27.2&#8243; _module_preset=\u00bbdefault\u00bb background_color=\u00bb#e0e5e1&#8243; link_option_url=\u00bbhttps:\/\/ieec-wp.ixole.es\/es\/investigacion\/investigacion-tecnologica\/\u00bb global_colors_info=\u00bb{}\u00bb][et_pb_text _builder_version=\u00bb4.27.2&#8243; _module_preset=\u00bbdefault\u00bb text_font=\u00bbCairo||||||||\u00bb text_text_color=\u00bb#1e2751&#8243; text_font_size=\u00bb35px\u00bb text_line_height=\u00bb0.9em\u00bb background_color=\u00bbRGBA(255,255,255,0)\u00bb custom_margin=\u00bb0px||||false|false\u00bb custom_padding=\u00bb85px||80px|35px|false|false\u00bb global_colors_info=\u00bb{}\u00bb]<\/p>\n<p>Investigaci\u00f3n<br \/><strong>cient\u00edfica y tecnol\u00f3gica<\/strong><\/p>\n<p>[\/et_pb_text][et_pb_text _builder_version=\u00bb4.16&#8243; _module_preset=\u00bbdefault\u00bb text_font=\u00bbOswald|||on|||||\u00bb text_text_color=\u00bb#406fda\u00bb text_font_size=\u00bb17px\u00bb text_letter_spacing=\u00bb5px\u00bb custom_padding=\u00bb0px||11%|35px|false|false\u00bb global_colors_info=\u00bb{}\u00bb]<\/p>\n<p>M\u00e1s informaci\u00f3n&gt;<\/p>\n<p>[\/et_pb_text][\/et_pb_column][et_pb_column type=\u00bb1_3&#8243; _builder_version=\u00bb4.16&#8243; _module_preset=\u00bbdefault\u00bb background_color=\u00bb#406fda\u00bb link_option_url=\u00bbhttps:\/\/ieec-wp.ixole.es\/es\/investigacion\/infraestructuras\/\u00bb global_colors_info=\u00bb{}\u00bb][et_pb_text _builder_version=\u00bb4.27.2&#8243; _module_preset=\u00bbdefault\u00bb text_font=\u00bbCairo||||||||\u00bb text_text_color=\u00bb#FFFFFF\u00bb text_font_size=\u00bb35px\u00bb text_line_height=\u00bb0.9em\u00bb background_color=\u00bbRGBA(255,255,255,0)\u00bb custom_margin=\u00bb0px||||false|false\u00bb custom_padding=\u00bb115px||110px|35px|false|false\u00bb hover_enabled=\u00bb0&#8243; locked=\u00bboff\u00bb global_colors_info=\u00bb{}\u00bb sticky_enabled=\u00bb0&#8243;]<\/p>\n<p><strong>Infraestructuras<\/strong><strong><\/strong><\/p>\n<p>[\/et_pb_text][et_pb_text _builder_version=\u00bb4.16&#8243; _module_preset=\u00bbdefault\u00bb text_font=\u00bbOswald|||on|||||\u00bb text_text_color=\u00bb#1e2751&#8243; text_font_size=\u00bb17px\u00bb text_letter_spacing=\u00bb5px\u00bb custom_padding=\u00bb0px||11%|35px|false|false\u00bb locked=\u00bboff\u00bb global_colors_info=\u00bb{}\u00bb]<\/p>\n<p>M\u00e1s informaci\u00f3n&gt;<\/p>\n<p>[\/et_pb_text][\/et_pb_column][et_pb_column type=\u00bb1_3&#8243; _builder_version=\u00bb4.16&#8243; _module_preset=\u00bbdefault\u00bb background_color=\u00bb#1e2751&#8243; link_option_url=\u00bbhttps:\/\/ieec-wp.ixole.es\/es\/investigacion\/proyectos-europeos\/\u00bb global_colors_info=\u00bb{}\u00bb][et_pb_text _builder_version=\u00bb4.27.2&#8243; _module_preset=\u00bbdefault\u00bb text_font=\u00bbCairo||||||||\u00bb text_text_color=\u00bb#ffffff\u00bb text_font_size=\u00bb35px\u00bb text_line_height=\u00bb0.9em\u00bb background_color=\u00bbRGBA(255,255,255,0)\u00bb custom_margin=\u00bb0px||||false|false\u00bb custom_padding=\u00bb115px||80px|35px|false|false\u00bb hover_enabled=\u00bb0&#8243; locked=\u00bboff\u00bb global_colors_info=\u00bb{}\u00bb sticky_enabled=\u00bb0&#8243;]<\/p>\n<p>Proyectos<br \/><strong>Europeos<\/strong><strong><\/strong><\/p>\n<p>[\/et_pb_text][et_pb_text _builder_version=\u00bb4.16&#8243; _module_preset=\u00bbdefault\u00bb text_font=\u00bbOswald|||on|||||\u00bb text_text_color=\u00bb#ffa43c\u00bb text_font_size=\u00bb17px\u00bb text_letter_spacing=\u00bb5px\u00bb custom_padding=\u00bb||11%|35px|false|false\u00bb locked=\u00bboff\u00bb global_colors_info=\u00bb{}\u00bb]<\/p>\n<p>M\u00e1s informaci\u00f3n&gt;<\/p>\n<p>[\/et_pb_text][\/et_pb_column][\/et_pb_row][et_pb_row column_structure=\u00bb1_3,1_3,1_3&#8243; use_custom_gutter=\u00bbon\u00bb gutter_width=\u00bb2&#8243; make_equal=\u00bbon\u00bb _builder_version=\u00bb4.16&#8243; _module_preset=\u00bbdefault\u00bb width_tablet=\u00bb50%\u00bb width_phone=\u00bb80%\u00bb width_last_edited=\u00bbon|phone\u00bb custom_padding=\u00bb0px||||false|false\u00bb global_colors_info=\u00bb{}\u00bb][et_pb_column type=\u00bb1_3&#8243; _builder_version=\u00bb4.16&#8243; _module_preset=\u00bbdefault\u00bb background_color=\u00bb#406fda\u00bb link_option_url=\u00bbhttps:\/\/ieec-wp.ixole.es\/es\/investigacion\/publicaciones-cientificas\/\u00bb global_colors_info=\u00bb{}\u00bb][et_pb_text _builder_version=\u00bb4.16&#8243; _module_preset=\u00bbdefault\u00bb text_font=\u00bbCairo||||||||\u00bb text_text_color=\u00bb#FFFFFF\u00bb text_font_size=\u00bb35px\u00bb text_line_height=\u00bb0.9em\u00bb background_color=\u00bbRGBA(255,255,255,0)\u00bb custom_margin=\u00bb0px||||false|false\u00bb custom_padding=\u00bb115px||80px|35px|false|false\u00bb global_colors_info=\u00bb{}\u00bb]<\/p>\n<p>Publicaciones <br \/><strong>cient\u00edficas<\/strong><\/p>\n<p>[\/et_pb_text][et_pb_text _builder_version=\u00bb4.16&#8243; _module_preset=\u00bbdefault\u00bb text_font=\u00bbOswald|||on|||||\u00bb text_text_color=\u00bb#1e2751&#8243; text_font_size=\u00bb17px\u00bb text_letter_spacing=\u00bb5px\u00bb custom_padding=\u00bb0px||11%|35px|false|false\u00bb global_colors_info=\u00bb{}\u00bb]<\/p>\n<p>M\u00e1s informaci\u00f3n&gt;<\/p>\n<p>[\/et_pb_text][\/et_pb_column][et_pb_column type=\u00bb1_3&#8243; _builder_version=\u00bb4.16&#8243; _module_preset=\u00bbdefault\u00bb background_color=\u00bb#1e2751&#8243; link_option_url=\u00bbhttps:\/\/ieec-wp.ixole.es\/es\/investigacion\/conferencias\/\u00bb global_colors_info=\u00bb{}\u00bb][et_pb_text _builder_version=\u00bb4.16&#8243; _module_preset=\u00bbdefault\u00bb text_font=\u00bbCairo||||||||\u00bb text_text_color=\u00bb#FFFFFF\u00bb text_font_size=\u00bb35px\u00bb text_line_height=\u00bb0.9em\u00bb background_color=\u00bbRGBA(255,255,255,0)\u00bb custom_margin=\u00bb0px||||false|false\u00bb custom_padding=\u00bb115px||110px|35px|false|false\u00bb locked=\u00bboff\u00bb global_colors_info=\u00bb{}\u00bb]<\/p>\n<p><strong>Conferencias<\/strong><\/p>\n<p>[\/et_pb_text][et_pb_text _builder_version=\u00bb4.16&#8243; _module_preset=\u00bbdefault\u00bb text_font=\u00bbOswald|||on|||||\u00bb text_text_color=\u00bb#ffa43c\u00bb text_font_size=\u00bb17px\u00bb text_letter_spacing=\u00bb5px\u00bb custom_padding=\u00bb0px||11%|35px|false|false\u00bb locked=\u00bboff\u00bb global_colors_info=\u00bb{}\u00bb]<\/p>\n<p>M\u00e1s informaci\u00f3n&gt;<\/p>\n<p>[\/et_pb_text][\/et_pb_column][et_pb_column type=\u00bb1_3&#8243; _builder_version=\u00bb4.16&#8243; _module_preset=\u00bbdefault\u00bb background_color=\u00bb#e0e5e1&#8243; link_option_url=\u00bbhttps:\/\/ieec-wp.ixole.es\/es\/investigacion\/seminarios\/\u00bb global_colors_info=\u00bb{}\u00bb][et_pb_text _builder_version=\u00bb4.16&#8243; _module_preset=\u00bbdefault\u00bb text_font=\u00bbCairo||||||||\u00bb text_text_color=\u00bb#1e2751&#8243; text_font_size=\u00bb35px\u00bb text_line_height=\u00bb0.9em\u00bb background_color=\u00bbRGBA(255,255,255,0)\u00bb custom_margin=\u00bb0px||||false|false\u00bb custom_padding=\u00bb115px||110px|35px|false|false\u00bb locked=\u00bboff\u00bb global_colors_info=\u00bb{}\u00bb]<\/p>\n<p><strong>Seminarios<\/strong><\/p>\n<p>[\/et_pb_text][et_pb_text _builder_version=\u00bb4.16&#8243; _module_preset=\u00bbdefault\u00bb text_font=\u00bbOswald|||on|||||\u00bb text_text_color=\u00bb#406fda\u00bb text_font_size=\u00bb17px\u00bb text_letter_spacing=\u00bb5px\u00bb custom_padding=\u00bb||11%|35px|false|false\u00bb locked=\u00bboff\u00bb global_colors_info=\u00bb{}\u00bb]<\/p>\n<p>M\u00e1s informaci\u00f3n&gt;<\/p>\n<p>[\/et_pb_text][\/et_pb_column][\/et_pb_row][\/et_pb_section]<\/p>\n","protected":false},"excerpt":{"rendered":"<p>INVESTIGACI\u00d3N Investigamos nuestro hogar: ad\u00e9ntrate en los misterios de la Tierra y el UniversoEl IEEC estudia el cosmos y la Tierra como planeta a trav\u00e9s de un potente programa para la investigaci\u00f3n, el desarrollo y la innovaci\u00f3n tecnol\u00f3gica en el marco de misiones y proyectos cient\u00edficos. El Instituto participa y tiene responsabilidades de alto nivel [&hellip;]<\/p>\n","protected":false},"author":1,"featured_media":26069,"parent":0,"menu_order":0,"comment_status":"closed","ping_status":"closed","template":"","meta":{"_et_pb_use_builder":"on","_et_pb_old_content":"","_et_gb_content_width":"","footnotes":""},"class_list":["post-2801","page","type-page","status-publish","has-post-thumbnail","hentry"],"yoast_head":"<!-- This site is optimized with the Yoast SEO plugin v24.2 - https:\/\/yoast.com\/wordpress\/plugins\/seo\/ -->\n<title>Investigaci\u00f3n - IEEC<\/title>\n<meta name=\"robots\" content=\"index, follow, max-snippet:-1, max-image-preview:large, max-video-preview:-1\" \/>\n<link rel=\"canonical\" href=\"https:\/\/ieec-wp.ixole.es\/es\/investigacion\/\" \/>\n<meta property=\"og:locale\" content=\"es_ES\" \/>\n<meta property=\"og:type\" content=\"article\" \/>\n<meta property=\"og:title\" content=\"Investigaci\u00f3n - IEEC\" \/>\n<meta property=\"og:description\" content=\"INVESTIGACI\u00d3N Investigamos nuestro hogar: ad\u00e9ntrate en los misterios de la Tierra y el UniversoEl IEEC estudia el cosmos y la Tierra como planeta a trav\u00e9s de un potente programa para la investigaci\u00f3n, el desarrollo y la innovaci\u00f3n tecnol\u00f3gica en el marco de misiones y proyectos cient\u00edficos. El Instituto participa y tiene responsabilidades de alto nivel [&hellip;]\" \/>\n<meta property=\"og:url\" content=\"https:\/\/ieec-wp.ixole.es\/es\/investigacion\/\" \/>\n<meta property=\"og:site_name\" content=\"IEEC\" \/>\n<meta property=\"article:modified_time\" content=\"2024-11-13T13:35:06+00:00\" \/>\n<meta property=\"og:image\" content=\"https:\/\/ieec-wp.ixole.es\/wp-content\/uploads\/2024\/01\/featured-image-logo-ieec-2024.png\" \/>\n\t<meta property=\"og:image:width\" content=\"600\" \/>\n\t<meta property=\"og:image:height\" content=\"500\" \/>\n\t<meta property=\"og:image:type\" content=\"image\/png\" \/>\n<meta name=\"twitter:card\" content=\"summary_large_image\" \/>\n<meta name=\"twitter:label1\" content=\"Tiempo de lectura\" \/>\n\t<meta name=\"twitter:data1\" content=\"3 minutos\" \/>\n<script type=\"application\/ld+json\" class=\"yoast-schema-graph\">{\"@context\":\"https:\/\/schema.org\",\"@graph\":[{\"@type\":\"WebPage\",\"@id\":\"https:\/\/ieec-wp.ixole.es\/es\/investigacion\/\",\"url\":\"https:\/\/ieec-wp.ixole.es\/es\/investigacion\/\",\"name\":\"Investigaci\u00f3n - IEEC\",\"isPartOf\":{\"@id\":\"https:\/\/ieec-wp.ixole.es\/es\/#website\"},\"primaryImageOfPage\":{\"@id\":\"https:\/\/ieec-wp.ixole.es\/es\/investigacion\/#primaryimage\"},\"image\":{\"@id\":\"https:\/\/ieec-wp.ixole.es\/es\/investigacion\/#primaryimage\"},\"thumbnailUrl\":\"https:\/\/ieec-wp.ixole.es\/wp-content\/uploads\/2024\/01\/featured-image-logo-ieec-2024.png\",\"datePublished\":\"2022-11-22T16:16:27+00:00\",\"dateModified\":\"2024-11-13T13:35:06+00:00\",\"breadcrumb\":{\"@id\":\"https:\/\/ieec-wp.ixole.es\/es\/investigacion\/#breadcrumb\"},\"inLanguage\":\"es\",\"potentialAction\":[{\"@type\":\"ReadAction\",\"target\":[\"https:\/\/ieec-wp.ixole.es\/es\/investigacion\/\"]}]},{\"@type\":\"ImageObject\",\"inLanguage\":\"es\",\"@id\":\"https:\/\/ieec-wp.ixole.es\/es\/investigacion\/#primaryimage\",\"url\":\"https:\/\/ieec-wp.ixole.es\/wp-content\/uploads\/2024\/01\/featured-image-logo-ieec-2024.png\",\"contentUrl\":\"https:\/\/ieec-wp.ixole.es\/wp-content\/uploads\/2024\/01\/featured-image-logo-ieec-2024.png\",\"width\":600,\"height\":500},{\"@type\":\"BreadcrumbList\",\"@id\":\"https:\/\/ieec-wp.ixole.es\/es\/investigacion\/#breadcrumb\",\"itemListElement\":[{\"@type\":\"ListItem\",\"position\":1,\"name\":\"Portada\",\"item\":\"https:\/\/ieec-wp.ixole.es\/es\/\"},{\"@type\":\"ListItem\",\"position\":2,\"name\":\"Investigaci\u00f3n\"}]},{\"@type\":\"WebSite\",\"@id\":\"https:\/\/ieec-wp.ixole.es\/es\/#website\",\"url\":\"https:\/\/ieec-wp.ixole.es\/es\/\",\"name\":\"IEEC\",\"description\":\"Institut d&#039;Estudis Espacials de Catalunya\",\"potentialAction\":[{\"@type\":\"SearchAction\",\"target\":{\"@type\":\"EntryPoint\",\"urlTemplate\":\"https:\/\/ieec-wp.ixole.es\/es\/?s={search_term_string}\"},\"query-input\":{\"@type\":\"PropertyValueSpecification\",\"valueRequired\":true,\"valueName\":\"search_term_string\"}}],\"inLanguage\":\"es\"}]}<\/script>\n<!-- \/ Yoast SEO plugin. -->","yoast_head_json":{"title":"Investigaci\u00f3n - IEEC","robots":{"index":"index","follow":"follow","max-snippet":"max-snippet:-1","max-image-preview":"max-image-preview:large","max-video-preview":"max-video-preview:-1"},"canonical":"https:\/\/ieec-wp.ixole.es\/es\/investigacion\/","og_locale":"es_ES","og_type":"article","og_title":"Investigaci\u00f3n - IEEC","og_description":"INVESTIGACI\u00d3N Investigamos nuestro hogar: ad\u00e9ntrate en los misterios de la Tierra y el UniversoEl IEEC estudia el cosmos y la Tierra como planeta a trav\u00e9s de un potente programa para la investigaci\u00f3n, el desarrollo y la innovaci\u00f3n tecnol\u00f3gica en el marco de misiones y proyectos cient\u00edficos. El Instituto participa y tiene responsabilidades de alto nivel [&hellip;]","og_url":"https:\/\/ieec-wp.ixole.es\/es\/investigacion\/","og_site_name":"IEEC","article_modified_time":"2024-11-13T13:35:06+00:00","og_image":[{"width":600,"height":500,"url":"https:\/\/ieec-wp.ixole.es\/wp-content\/uploads\/2024\/01\/featured-image-logo-ieec-2024.png","type":"image\/png"}],"twitter_card":"summary_large_image","twitter_misc":{"Tiempo de lectura":"3 minutos"},"schema":{"@context":"https:\/\/schema.org","@graph":[{"@type":"WebPage","@id":"https:\/\/ieec-wp.ixole.es\/es\/investigacion\/","url":"https:\/\/ieec-wp.ixole.es\/es\/investigacion\/","name":"Investigaci\u00f3n - IEEC","isPartOf":{"@id":"https:\/\/ieec-wp.ixole.es\/es\/#website"},"primaryImageOfPage":{"@id":"https:\/\/ieec-wp.ixole.es\/es\/investigacion\/#primaryimage"},"image":{"@id":"https:\/\/ieec-wp.ixole.es\/es\/investigacion\/#primaryimage"},"thumbnailUrl":"https:\/\/ieec-wp.ixole.es\/wp-content\/uploads\/2024\/01\/featured-image-logo-ieec-2024.png","datePublished":"2022-11-22T16:16:27+00:00","dateModified":"2024-11-13T13:35:06+00:00","breadcrumb":{"@id":"https:\/\/ieec-wp.ixole.es\/es\/investigacion\/#breadcrumb"},"inLanguage":"es","potentialAction":[{"@type":"ReadAction","target":["https:\/\/ieec-wp.ixole.es\/es\/investigacion\/"]}]},{"@type":"ImageObject","inLanguage":"es","@id":"https:\/\/ieec-wp.ixole.es\/es\/investigacion\/#primaryimage","url":"https:\/\/ieec-wp.ixole.es\/wp-content\/uploads\/2024\/01\/featured-image-logo-ieec-2024.png","contentUrl":"https:\/\/ieec-wp.ixole.es\/wp-content\/uploads\/2024\/01\/featured-image-logo-ieec-2024.png","width":600,"height":500},{"@type":"BreadcrumbList","@id":"https:\/\/ieec-wp.ixole.es\/es\/investigacion\/#breadcrumb","itemListElement":[{"@type":"ListItem","position":1,"name":"Portada","item":"https:\/\/ieec-wp.ixole.es\/es\/"},{"@type":"ListItem","position":2,"name":"Investigaci\u00f3n"}]},{"@type":"WebSite","@id":"https:\/\/ieec-wp.ixole.es\/es\/#website","url":"https:\/\/ieec-wp.ixole.es\/es\/","name":"IEEC","description":"Institut d&#039;Estudis Espacials de Catalunya","potentialAction":[{"@type":"SearchAction","target":{"@type":"EntryPoint","urlTemplate":"https:\/\/ieec-wp.ixole.es\/es\/?s={search_term_string}"},"query-input":{"@type":"PropertyValueSpecification","valueRequired":true,"valueName":"search_term_string"}}],"inLanguage":"es"}]}},"_links":{"self":[{"href":"https:\/\/ieec-wp.ixole.es\/es\/wp-json\/wp\/v2\/pages\/2801","targetHints":{"allow":["GET"]}}],"collection":[{"href":"https:\/\/ieec-wp.ixole.es\/es\/wp-json\/wp\/v2\/pages"}],"about":[{"href":"https:\/\/ieec-wp.ixole.es\/es\/wp-json\/wp\/v2\/types\/page"}],"author":[{"embeddable":true,"href":"https:\/\/ieec-wp.ixole.es\/es\/wp-json\/wp\/v2\/users\/1"}],"replies":[{"embeddable":true,"href":"https:\/\/ieec-wp.ixole.es\/es\/wp-json\/wp\/v2\/comments?post=2801"}],"version-history":[{"count":12,"href":"https:\/\/ieec-wp.ixole.es\/es\/wp-json\/wp\/v2\/pages\/2801\/revisions"}],"predecessor-version":[{"id":32019,"href":"https:\/\/ieec-wp.ixole.es\/es\/wp-json\/wp\/v2\/pages\/2801\/revisions\/32019"}],"wp:featuredmedia":[{"embeddable":true,"href":"https:\/\/ieec-wp.ixole.es\/es\/wp-json\/wp\/v2\/media\/26069"}],"wp:attachment":[{"href":"https:\/\/ieec-wp.ixole.es\/es\/wp-json\/wp\/v2\/media?parent=2801"}],"curies":[{"name":"wp","href":"https:\/\/api.w.org\/{rel}","templated":true}]}}