{"id":2834,"date":"2022-11-22T17:33:26","date_gmt":"2022-11-22T16:33:26","guid":{"rendered":"https:\/\/ieec-wp.ixole.es\/investigacion\/seminarios\/"},"modified":"2024-02-08T12:30:53","modified_gmt":"2024-02-08T11:30:53","slug":"seminarios","status":"publish","type":"page","link":"https:\/\/ieec-wp.ixole.es\/es\/investigacion\/seminarios\/","title":{"rendered":"Seminarios"},"content":{"rendered":"<p>[et_pb_section fb_built=\u00bb1&#8243; _builder_version=\u00bb4.14.8&#8243; _module_preset=\u00bbdefault\u00bb background_image=\u00bbhttps:\/\/ieec-wp.ixole.es\/wp-content\/uploads\/2022\/02\/slider-recerca.jpg\u00bb min_height=\u00bb338px\u00bb custom_padding=\u00bb||0px||false|false\u00bb da_disable_devices=\u00bboff|off|off\u00bb global_colors_info=\u00bb{}\u00bb da_is_popup=\u00bboff\u00bb da_exit_intent=\u00bboff\u00bb da_has_close=\u00bbon\u00bb da_alt_close=\u00bboff\u00bb da_dark_close=\u00bboff\u00bb da_not_modal=\u00bbon\u00bb da_is_singular=\u00bboff\u00bb da_with_loader=\u00bboff\u00bb da_has_shadow=\u00bbon\u00bb][et_pb_row custom_padding_last_edited=\u00bbon|phone\u00bb _builder_version=\u00bb4.14.8&#8243; _module_preset=\u00bbdefault\u00bb background_color=\u00bbRGBA(255,255,255,0)\u00bb module_alignment=\u00bbcenter\u00bb custom_margin=\u00bb20px||0px||false|false\u00bb custom_padding=\u00bb10px||4px|0px|false|false\u00bb custom_padding_tablet=\u00bb||0px||false|false\u00bb custom_padding_phone=\u00bb||0px||false|false\u00bb global_colors_info=\u00bb{}\u00bb][et_pb_column type=\u00bb4_4&#8243; _builder_version=\u00bb4.14.8&#8243; _module_preset=\u00bbdefault\u00bb global_colors_info=\u00bb{}\u00bb][et_pb_text _builder_version=\u00bb4.14.8&#8243; _module_preset=\u00bbdefault\u00bb text_text_color=\u00bb#FFFFFF\u00bb text_font_size=\u00bb16px\u00bb link_font=\u00bb||||on||||\u00bb link_text_color=\u00bb#FFFFFF\u00bb header_font=\u00bbSource Sans Pro|600|||||||\u00bb header_text_color=\u00bb#FFFFFF\u00bb header_font_size=\u00bb25px\u00bb header_2_font=\u00bbCairo|800|||||||\u00bb header_2_text_color=\u00bb#FFFFFF\u00bb header_2_font_size=\u00bb44px\u00bb custom_margin=\u00bb|0px|0px||false|false\u00bb custom_padding=\u00bb|0px|||false|false\u00bb header_2_font_size_tablet=\u00bb36px\u00bb header_2_font_size_phone=\u00bb30px\u00bb header_2_font_size_last_edited=\u00bbon|phone\u00bb global_colors_info=\u00bb{}\u00bb]<\/p>\n<p><a href=\"https:\/\/ieec-wp.ixole.es\/es\/investigacion\/\">Investigaci\u00f3n<\/a> | <strong>Seminarios<\/strong><\/p>\n<p>[\/et_pb_text][\/et_pb_column][\/et_pb_row][et_pb_row custom_padding_last_edited=\u00bbon|phone\u00bb _builder_version=\u00bb4.14.8&#8243; _module_preset=\u00bbdefault\u00bb background_color=\u00bbrgba(255,255,255,0.38)\u00bb module_alignment=\u00bbcenter\u00bb custom_margin=\u00bb20px||0px||false|false\u00bb custom_padding=\u00bb10px||4px|40px|false|false\u00bb custom_padding_tablet=\u00bb||0px||false|false\u00bb custom_padding_phone=\u00bb||0px||false|false\u00bb global_colors_info=\u00bb{}\u00bb][et_pb_column type=\u00bb4_4&#8243; _builder_version=\u00bb4.14.8&#8243; _module_preset=\u00bbdefault\u00bb global_colors_info=\u00bb{}\u00bb][et_pb_text _builder_version=\u00bb4.14.8&#8243; _module_preset=\u00bbdefault\u00bb header_font=\u00bbCairo|600|||||||\u00bb header_text_color=\u00bb#FFFFFF\u00bb header_font_size=\u00bb25px\u00bb header_2_font=\u00bbCairo|800|||||||\u00bb header_2_text_color=\u00bb#FFFFFF\u00bb header_2_font_size=\u00bb44px\u00bb custom_margin=\u00bb|0px|0px||false|false\u00bb custom_padding=\u00bb|0px|||false|false\u00bb header_2_font_size_tablet=\u00bb36px\u00bb header_2_font_size_phone=\u00bb30px\u00bb header_2_font_size_last_edited=\u00bbon|phone\u00bb global_colors_info=\u00bb{}\u00bb]<\/p>\n<h1><strong>Seminarios<\/strong><\/h1>\n<p>[\/et_pb_text][\/et_pb_column][\/et_pb_row][et_pb_row _builder_version=\u00bb4.14.8&#8243; _module_preset=\u00bbdefault\u00bb background_color=\u00bbRGBA(255,255,255,0)\u00bb global_colors_info=\u00bb{}\u00bb][et_pb_column type=\u00bb4_4&#8243; _builder_version=\u00bb4.14.8&#8243; _module_preset=\u00bbdefault\u00bb global_colors_info=\u00bb{}\u00bb][et_pb_text _builder_version=\u00bb4.14.8&#8243; _module_preset=\u00bbdefault\u00bb text_font=\u00bb|600|||||||\u00bb text_text_color=\u00bb#FFFFFF\u00bb text_font_size=\u00bb23px\u00bb text_line_height=\u00bb1.1em\u00bb custom_padding=\u00bb|||40px|false|false\u00bb custom_padding_tablet=\u00bb|||0px|false|false\u00bb custom_padding_phone=\u00bb|||0px|false|false\u00bb custom_padding_last_edited=\u00bbon|tablet\u00bb text_font_size_tablet=\u00bb21px\u00bb text_font_size_phone=\u00bb20px\u00bb text_font_size_last_edited=\u00bbon|phone\u00bb global_colors_info=\u00bb{}\u00bb]<\/p>\n<p><em>Consulta los seminarios cient\u00edficos organizados por el IEEC o por sus Unidades de Investigaci\u00f3n.<\/em><\/p>\n<p>[\/et_pb_text][\/et_pb_column][\/et_pb_row][\/et_pb_section][et_pb_section fb_built=\u00bb1&#8243; _builder_version=\u00bb4.14.8&#8243; _module_preset=\u00bbdefault\u00bb custom_padding=\u00bb35px||35px|||\u00bb da_disable_devices=\u00bboff|off|off\u00bb global_colors_info=\u00bb{}\u00bb da_is_popup=\u00bboff\u00bb da_exit_intent=\u00bboff\u00bb da_has_close=\u00bbon\u00bb da_alt_close=\u00bboff\u00bb da_dark_close=\u00bboff\u00bb da_not_modal=\u00bbon\u00bb da_is_singular=\u00bboff\u00bb da_with_loader=\u00bboff\u00bb da_has_shadow=\u00bbon\u00bb][et_pb_row _builder_version=\u00bb4.14.8&#8243; _module_preset=\u00bbdefault\u00bb custom_margin=\u00bb20px||0px||false|false\u00bb custom_padding=\u00bb||||false|false\u00bb global_colors_info=\u00bb{}\u00bb][et_pb_column type=\u00bb4_4&#8243; _builder_version=\u00bb4.14.8&#8243; _module_preset=\u00bbdefault\u00bb global_colors_info=\u00bb{}\u00bb][et_pb_text _builder_version=\u00bb4.14.8&#8243; _module_preset=\u00bbdefault\u00bb text_font=\u00bbOswald|||on|||||\u00bb text_text_color=\u00bb#1e2793&#8243; text_font_size=\u00bb14px\u00bb text_letter_spacing=\u00bb4px\u00bb header_font=\u00bbOswald||||||||\u00bb header_text_color=\u00bb#1a1140&#8243; header_font_size=\u00bb14px\u00bb header_letter_spacing=\u00bb4px\u00bb header_2_font=\u00bbOswald|||on|||||\u00bb header_2_text_color=\u00bb#1e2793&#8243; header_2_font_size=\u00bb15px\u00bb header_2_letter_spacing=\u00bb4px\u00bb background_color=\u00bb#FFFFFF\u00bb z_index=\u00bb4&#8243; width=\u00bb280px\u00bb width_tablet=\u00bb280px\u00bb width_phone=\u00bb281px\u00bb width_last_edited=\u00bbon|phone\u00bb text_font_tablet=\u00bbOswald|||on|||||\u00bb text_font_phone=\u00bbOswald|||on|||||\u00bb text_font_last_edited=\u00bbon|phone\u00bb header_font_size_tablet=\u00bb\u00bb header_font_size_phone=\u00bb\u00bb header_font_size_last_edited=\u00bbon|phone\u00bb global_colors_info=\u00bb{}\u00bb]<\/p>\n<h2>Calendario de seminarios<\/h2>\n<p>[\/et_pb_text][et_pb_divider color=\u00bb#1E2793&#8243; _builder_version=\u00bb4.14.8&#8243; _module_preset=\u00bbdefault\u00bb z_index=\u00bb2&#8243; custom_margin=\u00bb-47px||||false|false\u00bb global_colors_info=\u00bb{}\u00bb][\/et_pb_divider][\/et_pb_column][\/et_pb_row][et_pb_row _builder_version=\u00bb4.14.8&#8243; _module_preset=\u00bbdefault\u00bb][et_pb_column _builder_version=\u00bb4.14.8&#8243; _module_preset=\u00bbdefault\u00bb type=\u00bb4_4&#8243;][et_pb_code _builder_version=\u00bb4.14.8&#8243; _module_preset=\u00bbdefault\u00bb hover_enabled=\u00bb0&#8243; sticky_enabled=\u00bb0&#8243;]<iframe loading=\"lazy\" src=\"https:\/\/calendar.google.com\/calendar\/embed?height=600&#038;wkst=2&#038;bgcolor=%23ffffff&#038;ctz=Europe%2FMadrid&#038;showTitle=0&#038;showNav=1&#038;showDate=1&#038;showPrint=0&#038;showTabs=0&#038;showCalendars=0&#038;showTz=0&#038;src=Y19mMDk4YzE2N2IyZWZlZDNmN2U0YTZkYjZiOTllZGExMzI3ZTE5YTY3ZTAzZDNlZTdjYWI1ZGJjM2IzMzkyZjAxQGdyb3VwLmNhbGVuZGFyLmdvb2dsZS5jb20&#038;src=ZnFhLnViLmVkdV82anNsbnR2azU0ZXJyZGNuc2g1cHV2YmFuc0Bncm91cC5jYWxlbmRhci5nb29nbGUuY29t&#038;color=%23009688&#038;color=%23795548\" style=\"border-width:0\" width=\"1080\" height=\"600\" frameborder=\"0\" scrolling=\"no\"><\/iframe>[\/et_pb_code][\/et_pb_column][\/et_pb_row][\/et_pb_section]<\/p>\n","protected":false},"excerpt":{"rendered":"<p>Investigaci\u00f3n | SeminariosSeminariosConsulta los seminarios cient\u00edficos organizados por el IEEC o por sus Unidades de Investigaci\u00f3n.Calendario de seminarios<\/p>\n","protected":false},"author":1,"featured_media":26069,"parent":2801,"menu_order":9,"comment_status":"closed","ping_status":"closed","template":"","meta":{"_et_pb_use_builder":"on","_et_pb_old_content":"","_et_gb_content_width":"","footnotes":""},"class_list":["post-2834","page","type-page","status-publish","has-post-thumbnail","hentry"],"yoast_head":"<!-- This site is optimized with the Yoast SEO plugin v24.2 - https:\/\/yoast.com\/wordpress\/plugins\/seo\/ -->\n<title>Seminarios - IEEC<\/title>\n<meta name=\"robots\" content=\"index, follow, max-snippet:-1, max-image-preview:large, max-video-preview:-1\" \/>\n<link rel=\"canonical\" href=\"https:\/\/ieec-wp.ixole.es\/es\/investigacion\/seminarios\/\" \/>\n<meta property=\"og:locale\" content=\"es_ES\" \/>\n<meta property=\"og:type\" content=\"article\" \/>\n<meta property=\"og:title\" content=\"Seminarios - IEEC\" \/>\n<meta property=\"og:description\" content=\"Investigaci\u00f3n | SeminariosSeminariosConsulta los seminarios cient\u00edficos organizados por el IEEC o por sus Unidades de Investigaci\u00f3n.Calendario de seminarios\" \/>\n<meta property=\"og:url\" content=\"https:\/\/ieec-wp.ixole.es\/es\/investigacion\/seminarios\/\" \/>\n<meta property=\"og:site_name\" content=\"IEEC\" \/>\n<meta property=\"article:modified_time\" content=\"2024-02-08T11:30:53+00:00\" \/>\n<meta property=\"og:image\" content=\"https:\/\/ieec-wp.ixole.es\/wp-content\/uploads\/2024\/01\/featured-image-logo-ieec-2024.png\" \/>\n\t<meta property=\"og:image:width\" content=\"600\" \/>\n\t<meta property=\"og:image:height\" content=\"500\" \/>\n\t<meta property=\"og:image:type\" content=\"image\/png\" \/>\n<meta name=\"twitter:card\" content=\"summary_large_image\" \/>\n<meta name=\"twitter:label1\" content=\"Tiempo de lectura\" \/>\n\t<meta name=\"twitter:data1\" content=\"1 minuto\" \/>\n<script type=\"application\/ld+json\" class=\"yoast-schema-graph\">{\"@context\":\"https:\/\/schema.org\",\"@graph\":[{\"@type\":\"WebPage\",\"@id\":\"https:\/\/ieec-wp.ixole.es\/es\/investigacion\/seminarios\/\",\"url\":\"https:\/\/ieec-wp.ixole.es\/es\/investigacion\/seminarios\/\",\"name\":\"Seminarios - IEEC\",\"isPartOf\":{\"@id\":\"https:\/\/ieec-wp.ixole.es\/es\/#website\"},\"primaryImageOfPage\":{\"@id\":\"https:\/\/ieec-wp.ixole.es\/es\/investigacion\/seminarios\/#primaryimage\"},\"image\":{\"@id\":\"https:\/\/ieec-wp.ixole.es\/es\/investigacion\/seminarios\/#primaryimage\"},\"thumbnailUrl\":\"https:\/\/ieec-wp.ixole.es\/wp-content\/uploads\/2024\/01\/featured-image-logo-ieec-2024.png\",\"datePublished\":\"2022-11-22T16:33:26+00:00\",\"dateModified\":\"2024-02-08T11:30:53+00:00\",\"breadcrumb\":{\"@id\":\"https:\/\/ieec-wp.ixole.es\/es\/investigacion\/seminarios\/#breadcrumb\"},\"inLanguage\":\"es\",\"potentialAction\":[{\"@type\":\"ReadAction\",\"target\":[\"https:\/\/ieec-wp.ixole.es\/es\/investigacion\/seminarios\/\"]}]},{\"@type\":\"ImageObject\",\"inLanguage\":\"es\",\"@id\":\"https:\/\/ieec-wp.ixole.es\/es\/investigacion\/seminarios\/#primaryimage\",\"url\":\"https:\/\/ieec-wp.ixole.es\/wp-content\/uploads\/2024\/01\/featured-image-logo-ieec-2024.png\",\"contentUrl\":\"https:\/\/ieec-wp.ixole.es\/wp-content\/uploads\/2024\/01\/featured-image-logo-ieec-2024.png\",\"width\":600,\"height\":500},{\"@type\":\"BreadcrumbList\",\"@id\":\"https:\/\/ieec-wp.ixole.es\/es\/investigacion\/seminarios\/#breadcrumb\",\"itemListElement\":[{\"@type\":\"ListItem\",\"position\":1,\"name\":\"Portada\",\"item\":\"https:\/\/ieec-wp.ixole.es\/es\/\"},{\"@type\":\"ListItem\",\"position\":2,\"name\":\"Investigaci\u00f3n\",\"item\":\"https:\/\/ieec-wp.ixole.es\/es\/investigacion\/\"},{\"@type\":\"ListItem\",\"position\":3,\"name\":\"Seminarios\"}]},{\"@type\":\"WebSite\",\"@id\":\"https:\/\/ieec-wp.ixole.es\/es\/#website\",\"url\":\"https:\/\/ieec-wp.ixole.es\/es\/\",\"name\":\"IEEC\",\"description\":\"Institut d&#039;Estudis Espacials de Catalunya\",\"potentialAction\":[{\"@type\":\"SearchAction\",\"target\":{\"@type\":\"EntryPoint\",\"urlTemplate\":\"https:\/\/ieec-wp.ixole.es\/es\/?s={search_term_string}\"},\"query-input\":{\"@type\":\"PropertyValueSpecification\",\"valueRequired\":true,\"valueName\":\"search_term_string\"}}],\"inLanguage\":\"es\"}]}<\/script>\n<!-- \/ Yoast SEO plugin. -->","yoast_head_json":{"title":"Seminarios - IEEC","robots":{"index":"index","follow":"follow","max-snippet":"max-snippet:-1","max-image-preview":"max-image-preview:large","max-video-preview":"max-video-preview:-1"},"canonical":"https:\/\/ieec-wp.ixole.es\/es\/investigacion\/seminarios\/","og_locale":"es_ES","og_type":"article","og_title":"Seminarios - IEEC","og_description":"Investigaci\u00f3n | SeminariosSeminariosConsulta los seminarios cient\u00edficos organizados por el IEEC o por sus Unidades de Investigaci\u00f3n.Calendario de seminarios","og_url":"https:\/\/ieec-wp.ixole.es\/es\/investigacion\/seminarios\/","og_site_name":"IEEC","article_modified_time":"2024-02-08T11:30:53+00:00","og_image":[{"width":600,"height":500,"url":"https:\/\/ieec-wp.ixole.es\/wp-content\/uploads\/2024\/01\/featured-image-logo-ieec-2024.png","type":"image\/png"}],"twitter_card":"summary_large_image","twitter_misc":{"Tiempo de lectura":"1 minuto"},"schema":{"@context":"https:\/\/schema.org","@graph":[{"@type":"WebPage","@id":"https:\/\/ieec-wp.ixole.es\/es\/investigacion\/seminarios\/","url":"https:\/\/ieec-wp.ixole.es\/es\/investigacion\/seminarios\/","name":"Seminarios - IEEC","isPartOf":{"@id":"https:\/\/ieec-wp.ixole.es\/es\/#website"},"primaryImageOfPage":{"@id":"https:\/\/ieec-wp.ixole.es\/es\/investigacion\/seminarios\/#primaryimage"},"image":{"@id":"https:\/\/ieec-wp.ixole.es\/es\/investigacion\/seminarios\/#primaryimage"},"thumbnailUrl":"https:\/\/ieec-wp.ixole.es\/wp-content\/uploads\/2024\/01\/featured-image-logo-ieec-2024.png","datePublished":"2022-11-22T16:33:26+00:00","dateModified":"2024-02-08T11:30:53+00:00","breadcrumb":{"@id":"https:\/\/ieec-wp.ixole.es\/es\/investigacion\/seminarios\/#breadcrumb"},"inLanguage":"es","potentialAction":[{"@type":"ReadAction","target":["https:\/\/ieec-wp.ixole.es\/es\/investigacion\/seminarios\/"]}]},{"@type":"ImageObject","inLanguage":"es","@id":"https:\/\/ieec-wp.ixole.es\/es\/investigacion\/seminarios\/#primaryimage","url":"https:\/\/ieec-wp.ixole.es\/wp-content\/uploads\/2024\/01\/featured-image-logo-ieec-2024.png","contentUrl":"https:\/\/ieec-wp.ixole.es\/wp-content\/uploads\/2024\/01\/featured-image-logo-ieec-2024.png","width":600,"height":500},{"@type":"BreadcrumbList","@id":"https:\/\/ieec-wp.ixole.es\/es\/investigacion\/seminarios\/#breadcrumb","itemListElement":[{"@type":"ListItem","position":1,"name":"Portada","item":"https:\/\/ieec-wp.ixole.es\/es\/"},{"@type":"ListItem","position":2,"name":"Investigaci\u00f3n","item":"https:\/\/ieec-wp.ixole.es\/es\/investigacion\/"},{"@type":"ListItem","position":3,"name":"Seminarios"}]},{"@type":"WebSite","@id":"https:\/\/ieec-wp.ixole.es\/es\/#website","url":"https:\/\/ieec-wp.ixole.es\/es\/","name":"IEEC","description":"Institut d&#039;Estudis Espacials de Catalunya","potentialAction":[{"@type":"SearchAction","target":{"@type":"EntryPoint","urlTemplate":"https:\/\/ieec-wp.ixole.es\/es\/?s={search_term_string}"},"query-input":{"@type":"PropertyValueSpecification","valueRequired":true,"valueName":"search_term_string"}}],"inLanguage":"es"}]}},"_links":{"self":[{"href":"https:\/\/ieec-wp.ixole.es\/es\/wp-json\/wp\/v2\/pages\/2834","targetHints":{"allow":["GET"]}}],"collection":[{"href":"https:\/\/ieec-wp.ixole.es\/es\/wp-json\/wp\/v2\/pages"}],"about":[{"href":"https:\/\/ieec-wp.ixole.es\/es\/wp-json\/wp\/v2\/types\/page"}],"author":[{"embeddable":true,"href":"https:\/\/ieec-wp.ixole.es\/es\/wp-json\/wp\/v2\/users\/1"}],"replies":[{"embeddable":true,"href":"https:\/\/ieec-wp.ixole.es\/es\/wp-json\/wp\/v2\/comments?post=2834"}],"version-history":[{"count":7,"href":"https:\/\/ieec-wp.ixole.es\/es\/wp-json\/wp\/v2\/pages\/2834\/revisions"}],"predecessor-version":[{"id":20820,"href":"https:\/\/ieec-wp.ixole.es\/es\/wp-json\/wp\/v2\/pages\/2834\/revisions\/20820"}],"up":[{"embeddable":true,"href":"https:\/\/ieec-wp.ixole.es\/es\/wp-json\/wp\/v2\/pages\/2801"}],"wp:featuredmedia":[{"embeddable":true,"href":"https:\/\/ieec-wp.ixole.es\/es\/wp-json\/wp\/v2\/media\/26069"}],"wp:attachment":[{"href":"https:\/\/ieec-wp.ixole.es\/es\/wp-json\/wp\/v2\/media?parent=2834"}],"curies":[{"name":"wp","href":"https:\/\/api.w.org\/{rel}","templated":true}]}}